{"id":4614,"date":"2024-11-09T17:16:50","date_gmt":"2024-11-09T14:16:50","guid":{"rendered":"https:\/\/top-kosmetika.ee\/?post_type=product&#038;p=4614"},"modified":"2024-11-09T17:16:51","modified_gmt":"2024-11-09T14:16:51","slug":"ellani-hair-mask-keratin-1000ml","status":"publish","type":"product","link":"https:\/\/top-kosmetika.ee\/et\/product\/ellani-hair-mask-keratin-1000ml\/","title":{"rendered":"Ellani Hair Mask Keratin 1000ml"},"content":{"rendered":"<p>Keratiiniga juuksemask taastab ja tugevdab suurep\u00e4raselt hapraid ja \u00f5hukesi juukseid. See k\u00f5rvaldab l\u00f5henenud otste ja kahjustatud kiudude probleemi. See kahetoimeline mask tugevdab juukseid nii seest kui v\u00e4ljast, taastades ja siludes neid n\u00e4htavalt. Kerge tekstuuri ja veetleva l\u00f5hnaga j\u00e4tke rabedate juustega h\u00fcvasti \u2013 keratiin, juuste taastamise koostisosa number 1, on teid kaitsnud!<br \/>\nKUIDAS KASUTADA? Kandke pestud, niisketele juustele. 5 minuti p\u00e4rast loputage hoolikalt.<\/p>","protected":false},"excerpt":{"rendered":"<p>Keratiiniga juuksemask taastab ja tugevdab suurep\u00e4raselt hapraid ja \u00f5hukesi juukseid. See k\u00f5rvaldab l\u00f5henenud otste ja kahjustatud kiudude probleemi.<\/p>\n","protected":false},"featured_media":4615,"template":"","meta":[],"product_brand":[],"product_cat":[84,85],"product_tag":[143,144,145],"class_list":{"0":"post-4614","1":"product","2":"type-product","3":"status-publish","4":"has-post-thumbnail","6":"product_cat-novinki","7":"product_cat-dlya-volos","8":"product_tag-ellani","9":"product_tag-hairmask","10":"product_tag-keratin","12":"first","13":"instock","14":"shipping-taxable","15":"purchasable","16":"product-type-simple"},"_links":{"self":[{"href":"https:\/\/top-kosmetika.ee\/et\/wp-json\/wp\/v2\/product\/4614","targetHints":{"allow":["GET"]}}],"collection":[{"href":"https:\/\/top-kosmetika.ee\/et\/wp-json\/wp\/v2\/product"}],"about":[{"href":"https:\/\/top-kosmetika.ee\/et\/wp-json\/wp\/v2\/types\/product"}],"wp:featuredmedia":[{"embeddable":true,"href":"https:\/\/top-kosmetika.ee\/et\/wp-json\/wp\/v2\/media\/4615"}],"wp:attachment":[{"href":"https:\/\/top-kosmetika.ee\/et\/wp-json\/wp\/v2\/media?parent=4614"}],"wp:term":[{"taxonomy":"product_brand","embeddable":true,"href":"https:\/\/top-kosmetika.ee\/et\/wp-json\/wp\/v2\/product_brand?post=4614"},{"taxonomy":"product_cat","embeddable":true,"href":"https:\/\/top-kosmetika.ee\/et\/wp-json\/wp\/v2\/product_cat?post=4614"},{"taxonomy":"product_tag","embeddable":true,"href":"https:\/\/top-kosmetika.ee\/et\/wp-json\/wp\/v2\/product_tag?post=4614"}],"curies":[{"name":"wp","href":"https:\/\/api.w.org\/{rel}","templated":true}]}}