{"id":4612,"date":"2024-11-09T17:09:12","date_gmt":"2024-11-09T14:09:12","guid":{"rendered":"https:\/\/top-kosmetika.ee\/?post_type=product&#038;p=4612"},"modified":"2024-11-09T17:09:12","modified_gmt":"2024-11-09T14:09:12","slug":"ellani-shampoo-keratin-1000ml","status":"publish","type":"product","link":"https:\/\/top-kosmetika.ee\/et\/product\/ellani-shampoo-keratin-1000ml\/","title":{"rendered":"Ellani Shampoo Keratin 1000ml"},"content":{"rendered":"<p>Keratiinikompleksiga taastav \u0161ampoon, m\u00f5eldud rabedatele ja \u00f5hukestele juustele. Keratiin toidab, taastab ja tugevdab juuksekiude, kaitstes neid murdumise eest. Regulaarsel \u0161ampooni kasutamisel muutuvad juuksed siledaks, pehmeks ja n\u00e4evad terved v\u00e4lja.<br \/>\nKUIDAS KASUTADA? Kanna v\u00e4ike kogus \u0161ampooni m\u00e4rgadele juustele, masseeri \u00f5rnalt 1-2 minutit ja seej\u00e4rel loputa rohkelt. Vajadusel korrake toimingut.<\/p>","protected":false},"excerpt":{"rendered":"<p>Keratiinikompleksiga taastav \u0161ampoon, m\u00f5eldud rabedatele ja \u00f5hukestele juustele.<\/p>\n","protected":false},"featured_media":4613,"template":"","meta":[],"product_brand":[],"product_cat":[84,85],"product_tag":[143,145,139],"class_list":{"0":"post-4612","1":"product","2":"type-product","3":"status-publish","4":"has-post-thumbnail","6":"product_cat-novinki","7":"product_cat-dlya-volos","8":"product_tag-ellani","9":"product_tag-keratin","10":"product_tag-shampoo","12":"first","13":"instock","14":"shipping-taxable","15":"purchasable","16":"product-type-simple"},"_links":{"self":[{"href":"https:\/\/top-kosmetika.ee\/et\/wp-json\/wp\/v2\/product\/4612","targetHints":{"allow":["GET"]}}],"collection":[{"href":"https:\/\/top-kosmetika.ee\/et\/wp-json\/wp\/v2\/product"}],"about":[{"href":"https:\/\/top-kosmetika.ee\/et\/wp-json\/wp\/v2\/types\/product"}],"wp:featuredmedia":[{"embeddable":true,"href":"https:\/\/top-kosmetika.ee\/et\/wp-json\/wp\/v2\/media\/4613"}],"wp:attachment":[{"href":"https:\/\/top-kosmetika.ee\/et\/wp-json\/wp\/v2\/media?parent=4612"}],"wp:term":[{"taxonomy":"product_brand","embeddable":true,"href":"https:\/\/top-kosmetika.ee\/et\/wp-json\/wp\/v2\/product_brand?post=4612"},{"taxonomy":"product_cat","embeddable":true,"href":"https:\/\/top-kosmetika.ee\/et\/wp-json\/wp\/v2\/product_cat?post=4612"},{"taxonomy":"product_tag","embeddable":true,"href":"https:\/\/top-kosmetika.ee\/et\/wp-json\/wp\/v2\/product_tag?post=4612"}],"curies":[{"name":"wp","href":"https:\/\/api.w.org\/{rel}","templated":true}]}}