{"id":4609,"date":"2024-11-09T17:03:49","date_gmt":"2024-11-09T14:03:49","guid":{"rendered":"https:\/\/top-kosmetika.ee\/?post_type=product&#038;p=4609"},"modified":"2024-11-09T17:05:30","modified_gmt":"2024-11-09T14:05:30","slug":"ellani-hair-mask-color-repair-1000ml","status":"publish","type":"product","link":"https:\/\/top-kosmetika.ee\/et\/product\/ellani-hair-mask-color-repair-1000ml\/","title":{"rendered":"Ellani Hair Mask Color Repair 1000ml"},"content":{"rendered":"<p>Jaapani kirsi ekstraktiga rikastatud Color Repair mask pakub ideaalset kaitset nii loomulikele kui ka v\u00e4rvitud juustele. Sisseehitatud UV-filtri ja antioks\u00fcdantsete omadustega tagab see p\u00f5letikuvastase toime, tagades teie juuksev\u00e4rvi pikaealisuse. Kirsiekstrakt on \u00fcle maailma hinnatud koostisosa, mis toidab ja kaitseb juukseid. Teie juuksed on l\u00e4ikivad ja siledad. Suurendage oma pesemiskogemust Jaapani kirsside veetleva l\u00f5hnaga.<br \/>\nKUIDAS KASUTADA? Kandke pestud, niisketele juustele. 5 minuti p\u00e4rast loputage hoolikalt.<\/p>","protected":false},"excerpt":{"rendered":"<p>Jaapani kirsi ekstraktiga rikastatud Color Repair mask pakub ideaalset kaitset nii loomulikele kui ka v\u00e4rvitud juustele.<\/p>\n","protected":false},"featured_media":4610,"template":"","meta":[],"product_brand":[],"product_cat":[84,85],"product_tag":[142,143,144],"class_list":{"0":"post-4609","1":"product","2":"type-product","3":"status-publish","4":"has-post-thumbnail","6":"product_cat-novinki","7":"product_cat-dlya-volos","8":"product_tag-colorrepair","9":"product_tag-ellani","10":"product_tag-hairmask","12":"first","13":"instock","14":"shipping-taxable","15":"purchasable","16":"product-type-simple"},"_links":{"self":[{"href":"https:\/\/top-kosmetika.ee\/et\/wp-json\/wp\/v2\/product\/4609","targetHints":{"allow":["GET"]}}],"collection":[{"href":"https:\/\/top-kosmetika.ee\/et\/wp-json\/wp\/v2\/product"}],"about":[{"href":"https:\/\/top-kosmetika.ee\/et\/wp-json\/wp\/v2\/types\/product"}],"wp:featuredmedia":[{"embeddable":true,"href":"https:\/\/top-kosmetika.ee\/et\/wp-json\/wp\/v2\/media\/4610"}],"wp:attachment":[{"href":"https:\/\/top-kosmetika.ee\/et\/wp-json\/wp\/v2\/media?parent=4609"}],"wp:term":[{"taxonomy":"product_brand","embeddable":true,"href":"https:\/\/top-kosmetika.ee\/et\/wp-json\/wp\/v2\/product_brand?post=4609"},{"taxonomy":"product_cat","embeddable":true,"href":"https:\/\/top-kosmetika.ee\/et\/wp-json\/wp\/v2\/product_cat?post=4609"},{"taxonomy":"product_tag","embeddable":true,"href":"https:\/\/top-kosmetika.ee\/et\/wp-json\/wp\/v2\/product_tag?post=4609"}],"curies":[{"name":"wp","href":"https:\/\/api.w.org\/{rel}","templated":true}]}}