{"id":4606,"date":"2024-11-09T16:51:02","date_gmt":"2024-11-09T13:51:02","guid":{"rendered":"https:\/\/top-kosmetika.ee\/?post_type=product&#038;p=4606"},"modified":"2024-11-09T17:04:57","modified_gmt":"2024-11-09T14:04:57","slug":"elani-shampoo-color-repair-1000ml","status":"publish","type":"product","link":"https:\/\/top-kosmetika.ee\/et\/product\/elani-shampoo-color-repair-1000ml\/","title":{"rendered":"Ellani Shampoo Color Repair 1000ml"},"content":{"rendered":"<p>V\u00e4rviparandus\u0161ampoon ainulaadse Jaapani kirsi ekstraktiga. Kaitseb suurep\u00e4raselt naturaalseid ja v\u00e4rvitud juukseid. Valem sisaldab UV-kiirgust ning sellel on antioks\u00fcdantne ja p\u00f5letikuvastane toime. Kirsiekstrakt on \u00fcle maailma hinnatud koostisosa, mis toidab ja kaitseb juukseid. Nautige ilusat Jaapani kirsside l\u00f5hna, mis p\u00fcsib teie juustel terve p\u00e4eva.<br \/>\nKUIDAS KASUTADA? Kanna v\u00e4ike kogus \u0161ampooni m\u00e4rgadele juustele, masseeri \u00f5rnalt 1-2 minutit ja seej\u00e4rel loputa rohkelt. Vajadusel korrake toimingut.<\/p>","protected":false},"excerpt":{"rendered":"<p>V\u00e4rviparandus\u0161ampoon ainulaadse Jaapani kirsi ekstraktiga. Kaitseb suurep\u00e4raselt naturaalseid ja v\u00e4rvitud juukseid.<\/p>\n","protected":false},"featured_media":4607,"template":"","meta":[],"product_brand":[],"product_cat":[84,85],"product_tag":[142,143,139],"class_list":{"0":"post-4606","1":"product","2":"type-product","3":"status-publish","4":"has-post-thumbnail","6":"product_cat-novinki","7":"product_cat-dlya-volos","8":"product_tag-colorrepair","9":"product_tag-ellani","10":"product_tag-shampoo","12":"first","13":"instock","14":"shipping-taxable","15":"purchasable","16":"product-type-simple"},"_links":{"self":[{"href":"https:\/\/top-kosmetika.ee\/et\/wp-json\/wp\/v2\/product\/4606","targetHints":{"allow":["GET"]}}],"collection":[{"href":"https:\/\/top-kosmetika.ee\/et\/wp-json\/wp\/v2\/product"}],"about":[{"href":"https:\/\/top-kosmetika.ee\/et\/wp-json\/wp\/v2\/types\/product"}],"wp:featuredmedia":[{"embeddable":true,"href":"https:\/\/top-kosmetika.ee\/et\/wp-json\/wp\/v2\/media\/4607"}],"wp:attachment":[{"href":"https:\/\/top-kosmetika.ee\/et\/wp-json\/wp\/v2\/media?parent=4606"}],"wp:term":[{"taxonomy":"product_brand","embeddable":true,"href":"https:\/\/top-kosmetika.ee\/et\/wp-json\/wp\/v2\/product_brand?post=4606"},{"taxonomy":"product_cat","embeddable":true,"href":"https:\/\/top-kosmetika.ee\/et\/wp-json\/wp\/v2\/product_cat?post=4606"},{"taxonomy":"product_tag","embeddable":true,"href":"https:\/\/top-kosmetika.ee\/et\/wp-json\/wp\/v2\/product_tag?post=4606"}],"curies":[{"name":"wp","href":"https:\/\/api.w.org\/{rel}","templated":true}]}}