{"id":4593,"date":"2024-08-30T10:26:26","date_gmt":"2024-08-30T07:26:26","guid":{"rendered":"https:\/\/top-kosmetika.ee\/?post_type=product&#038;p=4593"},"modified":"2024-08-30T10:26:26","modified_gmt":"2024-08-30T07:26:26","slug":"instant-moisture-boost-elgon","status":"publish","type":"product","link":"https:\/\/top-kosmetika.ee\/et\/product\/instant-moisture-boost-elgon\/","title":{"rendered":"Instant Moisture Boost Elgon"},"content":{"rendered":"<p>T\u00f5eline niisutus- ja s\u00e4rav\u00f5imendaja: v\u00e4ga kerge koostisega, kuid samas rikas aktiivsete koostisosadega, nagu h\u00fcaluroonhape ja taimne keratiin, et saavutada fantastilised tulemused: juuksed on pehmed, l\u00f5hnavad ja niisutatud, ilma et neid koormaks. Lahutab juukseid ja k\u00f5rvaldab ka h\u00e4iriva elektrostaatilise efekti, et saada l\u00e4ikiv ja s\u00e4rav viimistlus.<br \/>\nEnne kasutamist loksutage ja kandke toode peopesadele. Seej\u00e4rel jagage see laiali ja j\u00e4tkake kujundamisega.<\/p>","protected":false},"excerpt":{"rendered":"<p>T\u00f5eline niisutus- ja s\u00e4rav\u00f5imendaja: v\u00e4ga kerge koostisega, kuid samas rikas aktiivsete koostisosadega, nagu h\u00fcaluroonhape ja taimne keratiin, et saavutada fantastilised tulemused: juuksed on pehmed, l\u00f5hnavad ja niisutatud, ilma et neid koormaks. Lahutab juukseid ja k\u00f5rvaldab ka h\u00e4iriva elektrostaatilise efekti, et saada l\u00e4ikiv ja s\u00e4rav viimistlus.<\/p>\n","protected":false},"featured_media":4594,"template":"","meta":[],"product_brand":[],"product_cat":[85],"product_tag":[103],"class_list":{"0":"post-4593","1":"product","2":"type-product","3":"status-publish","4":"has-post-thumbnail","6":"product_cat-dlya-volos","7":"product_tag-elgon","9":"first","10":"instock","11":"sale","12":"shipping-taxable","13":"purchasable","14":"product-type-simple"},"_links":{"self":[{"href":"https:\/\/top-kosmetika.ee\/et\/wp-json\/wp\/v2\/product\/4593","targetHints":{"allow":["GET"]}}],"collection":[{"href":"https:\/\/top-kosmetika.ee\/et\/wp-json\/wp\/v2\/product"}],"about":[{"href":"https:\/\/top-kosmetika.ee\/et\/wp-json\/wp\/v2\/types\/product"}],"wp:featuredmedia":[{"embeddable":true,"href":"https:\/\/top-kosmetika.ee\/et\/wp-json\/wp\/v2\/media\/4594"}],"wp:attachment":[{"href":"https:\/\/top-kosmetika.ee\/et\/wp-json\/wp\/v2\/media?parent=4593"}],"wp:term":[{"taxonomy":"product_brand","embeddable":true,"href":"https:\/\/top-kosmetika.ee\/et\/wp-json\/wp\/v2\/product_brand?post=4593"},{"taxonomy":"product_cat","embeddable":true,"href":"https:\/\/top-kosmetika.ee\/et\/wp-json\/wp\/v2\/product_cat?post=4593"},{"taxonomy":"product_tag","embeddable":true,"href":"https:\/\/top-kosmetika.ee\/et\/wp-json\/wp\/v2\/product_tag?post=4593"}],"curies":[{"name":"wp","href":"https:\/\/api.w.org\/{rel}","templated":true}]}}