{"id":4591,"date":"2024-08-30T10:20:01","date_gmt":"2024-08-30T07:20:01","guid":{"rendered":"https:\/\/top-kosmetika.ee\/?post_type=product&#038;p=4591"},"modified":"2024-08-30T10:20:02","modified_gmt":"2024-08-30T07:20:02","slug":"attivatore-ristrutturante-personal-touch","status":"publish","type":"product","link":"https:\/\/top-kosmetika.ee\/et\/product\/attivatore-ristrutturante-personal-touch\/","title":{"rendered":"Attivatore Ristrutturante Personal Touch"},"content":{"rendered":"<p>Puhas keratiini ekstrakt, mis segatuna restruktureeriva seerumiga loob \u00fclikiire ravi 60 sekundiga. Ideaalne v\u00e4ga kahjustatud ja keemiliselt t\u00f6\u00f6deldud juustele<\/p>\n<p>Lisaks saavutate saadud \u00fchendi Coloriga segamisel t\u00e4nu antioks\u00fcdantsele toimele \u00fcletamatu s\u00e4ra ja tekstuuri.<\/p>","protected":false},"excerpt":{"rendered":"<p>Puhas keratiini ekstrakt, mis segatuna restruktureeriva seerumiga loob \u00fclikiire ravi 60 sekundiga. Ideaalne v\u00e4ga kahjustatud ja keemiliselt t\u00f6\u00f6deldud juustele<\/p>\n<p>&nbsp;<\/p>\n","protected":false},"featured_media":4592,"template":"","meta":[],"product_brand":[],"product_cat":[85],"product_tag":[130],"class_list":{"0":"post-4591","1":"product","2":"type-product","3":"status-publish","4":"has-post-thumbnail","6":"product_cat-dlya-volos","7":"product_tag-personal-touch","9":"first","10":"instock","11":"sale","12":"shipping-taxable","13":"purchasable","14":"product-type-simple"},"_links":{"self":[{"href":"https:\/\/top-kosmetika.ee\/et\/wp-json\/wp\/v2\/product\/4591","targetHints":{"allow":["GET"]}}],"collection":[{"href":"https:\/\/top-kosmetika.ee\/et\/wp-json\/wp\/v2\/product"}],"about":[{"href":"https:\/\/top-kosmetika.ee\/et\/wp-json\/wp\/v2\/types\/product"}],"wp:featuredmedia":[{"embeddable":true,"href":"https:\/\/top-kosmetika.ee\/et\/wp-json\/wp\/v2\/media\/4592"}],"wp:attachment":[{"href":"https:\/\/top-kosmetika.ee\/et\/wp-json\/wp\/v2\/media?parent=4591"}],"wp:term":[{"taxonomy":"product_brand","embeddable":true,"href":"https:\/\/top-kosmetika.ee\/et\/wp-json\/wp\/v2\/product_brand?post=4591"},{"taxonomy":"product_cat","embeddable":true,"href":"https:\/\/top-kosmetika.ee\/et\/wp-json\/wp\/v2\/product_cat?post=4591"},{"taxonomy":"product_tag","embeddable":true,"href":"https:\/\/top-kosmetika.ee\/et\/wp-json\/wp\/v2\/product_tag?post=4591"}],"curies":[{"name":"wp","href":"https:\/\/api.w.org\/{rel}","templated":true}]}}