{"id":4587,"date":"2024-08-21T14:53:03","date_gmt":"2024-08-21T11:53:03","guid":{"rendered":"https:\/\/top-kosmetika.ee\/?post_type=product&#038;p=4587"},"modified":"2024-08-21T14:53:03","modified_gmt":"2024-08-21T11:53:03","slug":"intensive-mask-silky-1000ml","status":"publish","type":"product","link":"https:\/\/top-kosmetika.ee\/et\/product\/intensive-mask-silky-1000ml\/","title":{"rendered":"Intensive Mask Silky 1000ml"},"content":{"rendered":"<p>S\u00fcgavalt taastav hooldus karedatele juustele, mis taastab ja annab keha ja tekstuuri n\u00f5rkadele ja l\u00e4ikivatele juustele, mida kahjustavad agressiivsed keemilised t\u00f6\u00f6tlused ja keskkonnastressifaktorid. Taastab \u00f5ige PH, muudab juuksed elastseks ja eluj\u00f5uliseks, lukustab niiskuse ja annab suurep\u00e4rase l\u00e4ike. Kandke p\u00e4rast \u0161ampooni kasutamist r\u00e4tikukuivadele juustele, kammige \u00f5rnalt, laske m\u00f5juda 10\/15 minutit ja seej\u00e4rel loputage.<\/p>","protected":false},"excerpt":{"rendered":"<p>S\u00fcgavalt taastav hooldus karedatele juustele, mis taastab ja annab keha ja tekstuuri n\u00f5rkadele ja l\u00e4ikivatele juustele, mida kahjustavad agressiivsed keemilised t\u00f6\u00f6tlused ja keskkonnastressifaktorid. Taastab \u00f5ige PH, muudab juuksed elastseks ja eluj\u00f5uliseks, lukustab niiskuse ja annab suurep\u00e4rase l\u00e4ike.<\/p>\n","protected":false},"featured_media":4588,"template":"","meta":[],"product_brand":[],"product_cat":[85],"product_tag":[140],"class_list":{"0":"post-4587","1":"product","2":"type-product","3":"status-publish","4":"has-post-thumbnail","6":"product_cat-dlya-volos","7":"product_tag-silky","9":"first","10":"instock","11":"shipping-taxable","12":"purchasable","13":"product-type-simple"},"_links":{"self":[{"href":"https:\/\/top-kosmetika.ee\/et\/wp-json\/wp\/v2\/product\/4587","targetHints":{"allow":["GET"]}}],"collection":[{"href":"https:\/\/top-kosmetika.ee\/et\/wp-json\/wp\/v2\/product"}],"about":[{"href":"https:\/\/top-kosmetika.ee\/et\/wp-json\/wp\/v2\/types\/product"}],"wp:featuredmedia":[{"embeddable":true,"href":"https:\/\/top-kosmetika.ee\/et\/wp-json\/wp\/v2\/media\/4588"}],"wp:attachment":[{"href":"https:\/\/top-kosmetika.ee\/et\/wp-json\/wp\/v2\/media?parent=4587"}],"wp:term":[{"taxonomy":"product_brand","embeddable":true,"href":"https:\/\/top-kosmetika.ee\/et\/wp-json\/wp\/v2\/product_brand?post=4587"},{"taxonomy":"product_cat","embeddable":true,"href":"https:\/\/top-kosmetika.ee\/et\/wp-json\/wp\/v2\/product_cat?post=4587"},{"taxonomy":"product_tag","embeddable":true,"href":"https:\/\/top-kosmetika.ee\/et\/wp-json\/wp\/v2\/product_tag?post=4587"}],"curies":[{"name":"wp","href":"https:\/\/api.w.org\/{rel}","templated":true}]}}