{"id":4585,"date":"2024-08-21T14:49:40","date_gmt":"2024-08-21T11:49:40","guid":{"rendered":"https:\/\/top-kosmetika.ee\/?post_type=product&#038;p=4585"},"modified":"2024-08-21T14:49:40","modified_gmt":"2024-08-21T11:49:40","slug":"treat-shampoo-silky-1000ml","status":"publish","type":"product","link":"https:\/\/top-kosmetika.ee\/et\/product\/treat-shampoo-silky-1000ml\/","title":{"rendered":"Treat Shampoo Silky 1000ml"},"content":{"rendered":"<p>Taastav ravi\u0161ampoon. Selle \u00f5rn toime peanahale ja juustele puhastab delikaatselt tundlikuks muutunud ja kuivi juukseid. Kanna niisutav \u0161ampoon niisketele juustele, masseeri \u00f5rnalt, lase m\u00f5juda 2\/3 minutit ja loputa korralikult maha.<\/p>","protected":false},"excerpt":{"rendered":"<p>Taastav ravi\u0161ampoon. Selle \u00f5rn toime peanahale ja juustele puhastab delikaatselt tundlikuks muutunud ja kuivi juukseid.<\/p>\n","protected":false},"featured_media":4586,"template":"","meta":[],"product_brand":[],"product_cat":[85],"product_tag":[140],"class_list":{"0":"post-4585","1":"product","2":"type-product","3":"status-publish","4":"has-post-thumbnail","6":"product_cat-dlya-volos","7":"product_tag-silky","9":"first","10":"instock","11":"shipping-taxable","12":"purchasable","13":"product-type-simple"},"_links":{"self":[{"href":"https:\/\/top-kosmetika.ee\/et\/wp-json\/wp\/v2\/product\/4585","targetHints":{"allow":["GET"]}}],"collection":[{"href":"https:\/\/top-kosmetika.ee\/et\/wp-json\/wp\/v2\/product"}],"about":[{"href":"https:\/\/top-kosmetika.ee\/et\/wp-json\/wp\/v2\/types\/product"}],"wp:featuredmedia":[{"embeddable":true,"href":"https:\/\/top-kosmetika.ee\/et\/wp-json\/wp\/v2\/media\/4586"}],"wp:attachment":[{"href":"https:\/\/top-kosmetika.ee\/et\/wp-json\/wp\/v2\/media?parent=4585"}],"wp:term":[{"taxonomy":"product_brand","embeddable":true,"href":"https:\/\/top-kosmetika.ee\/et\/wp-json\/wp\/v2\/product_brand?post=4585"},{"taxonomy":"product_cat","embeddable":true,"href":"https:\/\/top-kosmetika.ee\/et\/wp-json\/wp\/v2\/product_cat?post=4585"},{"taxonomy":"product_tag","embeddable":true,"href":"https:\/\/top-kosmetika.ee\/et\/wp-json\/wp\/v2\/product_tag?post=4585"}],"curies":[{"name":"wp","href":"https:\/\/api.w.org\/{rel}","templated":true}]}}