{"id":4581,"date":"2024-08-21T14:18:51","date_gmt":"2024-08-21T11:18:51","guid":{"rendered":"https:\/\/top-kosmetika.ee\/?post_type=product&#038;p=4581"},"modified":"2024-08-21T14:18:51","modified_gmt":"2024-08-21T11:18:51","slug":"color-care-shampoo-silky-1000ml","status":"publish","type":"product","link":"https:\/\/top-kosmetika.ee\/et\/product\/color-care-shampoo-silky-1000ml\/","title":{"rendered":"Color Care Shampoo Silky 1000ml"},"content":{"rendered":"<p>Intensiivselt niisutav \u0161ampoon v\u00e4rvitud ja t\u00f6\u00f6deldud juustele, granaat\u00f5una ja viinamarjade pol\u00fcfenoolidega. See tihendab juuste v\u00e4rvi, s\u00e4ilitades samal ajal s\u00e4ra kauem. See eemaldab p\u00e4rast v\u00e4rvimist k\u00f5ik j\u00e4\u00e4gid; see taastab v\u00e4rvitud v\u00f5i t\u00f6\u00f6deldud juuste ja naha loomuliku tasakaalu. Kandke m\u00e4rgadele juustele, masseerige \u00f5rnalt ja loputage rohke veega.<\/p>","protected":false},"excerpt":{"rendered":"<p>Intensiivselt niisutav \u0161ampoon v\u00e4rvitud ja t\u00f6\u00f6deldud juustele, granaat\u00f5una ja viinamarjade pol\u00fcfenoolidega. See tihendab juuste v\u00e4rvi, s\u00e4ilitades samal ajal s\u00e4ra kauem. See eemaldab p\u00e4rast v\u00e4rvimist k\u00f5ik j\u00e4\u00e4gid; see taastab v\u00e4rvitud v\u00f5i t\u00f6\u00f6deldud juuste ja naha loomuliku tasakaalu.<\/p>\n","protected":false},"featured_media":4582,"template":"","meta":[],"product_brand":[],"product_cat":[85],"product_tag":[140],"class_list":{"0":"post-4581","1":"product","2":"type-product","3":"status-publish","4":"has-post-thumbnail","6":"product_cat-dlya-volos","7":"product_tag-silky","9":"first","10":"instock","11":"shipping-taxable","12":"purchasable","13":"product-type-simple"},"_links":{"self":[{"href":"https:\/\/top-kosmetika.ee\/et\/wp-json\/wp\/v2\/product\/4581","targetHints":{"allow":["GET"]}}],"collection":[{"href":"https:\/\/top-kosmetika.ee\/et\/wp-json\/wp\/v2\/product"}],"about":[{"href":"https:\/\/top-kosmetika.ee\/et\/wp-json\/wp\/v2\/types\/product"}],"wp:featuredmedia":[{"embeddable":true,"href":"https:\/\/top-kosmetika.ee\/et\/wp-json\/wp\/v2\/media\/4582"}],"wp:attachment":[{"href":"https:\/\/top-kosmetika.ee\/et\/wp-json\/wp\/v2\/media?parent=4581"}],"wp:term":[{"taxonomy":"product_brand","embeddable":true,"href":"https:\/\/top-kosmetika.ee\/et\/wp-json\/wp\/v2\/product_brand?post=4581"},{"taxonomy":"product_cat","embeddable":true,"href":"https:\/\/top-kosmetika.ee\/et\/wp-json\/wp\/v2\/product_cat?post=4581"},{"taxonomy":"product_tag","embeddable":true,"href":"https:\/\/top-kosmetika.ee\/et\/wp-json\/wp\/v2\/product_tag?post=4581"}],"curies":[{"name":"wp","href":"https:\/\/api.w.org\/{rel}","templated":true}]}}