{"id":4562,"date":"2024-07-02T19:38:44","date_gmt":"2024-07-02T16:38:44","guid":{"rendered":"https:\/\/top-kosmetika.ee\/?post_type=product&#038;p=4562"},"modified":"2024-07-02T19:38:44","modified_gmt":"2024-07-02T16:38:44","slug":"holo-shine-star-extreme-treatment-ronney-285-ml","status":"publish","type":"product","link":"https:\/\/top-kosmetika.ee\/et\/product\/holo-shine-star-extreme-treatment-ronney-285-ml\/","title":{"rendered":"HoLo Shine Star Extreme Treatment RONNEY 285 ml"},"content":{"rendered":"<p>Toitekomponentidega rikastatud valem tungib s\u00fcgavale juustesse, niisutades neid juurtest otsteni. Kerge konsistents ei koorma juukseid, pakkudes loomulikku liikumist ja vol\u00fc\u00fcmi. Tugevdab juuste struktuuri, v\u00e4hendades haprust ja kuivust. Enne kasutamist loksutada. Pihusta niisketele juustele kogu pikkuses. \u00c4rge peske seda maha. Tehke stiil nii, nagu soovite. Igap\u00e4evaseks kasutamiseks.<\/p>","protected":false},"excerpt":{"rendered":"<p>Toitekomponentidega rikastatud valem tungib s\u00fcgavale juustesse, niisutades neid juurtest otsteni. Kerge konsistents ei koorma juukseid, pakkudes loomulikku liikumist ja vol\u00fc\u00fcmi. Tugevdab juuste struktuuri, v\u00e4hendades haprust ja kuivust.<\/p>\n","protected":false},"featured_media":4563,"template":"","meta":[],"product_brand":[],"product_cat":[85],"product_tag":[104],"class_list":{"0":"post-4562","1":"product","2":"type-product","3":"status-publish","4":"has-post-thumbnail","6":"product_cat-dlya-volos","7":"product_tag-ronney","9":"first","10":"instock","11":"shipping-taxable","12":"purchasable","13":"product-type-simple"},"_links":{"self":[{"href":"https:\/\/top-kosmetika.ee\/et\/wp-json\/wp\/v2\/product\/4562","targetHints":{"allow":["GET"]}}],"collection":[{"href":"https:\/\/top-kosmetika.ee\/et\/wp-json\/wp\/v2\/product"}],"about":[{"href":"https:\/\/top-kosmetika.ee\/et\/wp-json\/wp\/v2\/types\/product"}],"wp:featuredmedia":[{"embeddable":true,"href":"https:\/\/top-kosmetika.ee\/et\/wp-json\/wp\/v2\/media\/4563"}],"wp:attachment":[{"href":"https:\/\/top-kosmetika.ee\/et\/wp-json\/wp\/v2\/media?parent=4562"}],"wp:term":[{"taxonomy":"product_brand","embeddable":true,"href":"https:\/\/top-kosmetika.ee\/et\/wp-json\/wp\/v2\/product_brand?post=4562"},{"taxonomy":"product_cat","embeddable":true,"href":"https:\/\/top-kosmetika.ee\/et\/wp-json\/wp\/v2\/product_cat?post=4562"},{"taxonomy":"product_tag","embeddable":true,"href":"https:\/\/top-kosmetika.ee\/et\/wp-json\/wp\/v2\/product_tag?post=4562"}],"curies":[{"name":"wp","href":"https:\/\/api.w.org\/{rel}","templated":true}]}}