{"id":4560,"date":"2024-07-02T19:25:50","date_gmt":"2024-07-02T16:25:50","guid":{"rendered":"https:\/\/top-kosmetika.ee\/?post_type=product&#038;p=4560"},"modified":"2024-07-02T19:25:50","modified_gmt":"2024-07-02T16:25:50","slug":"ronney-professional-holo-shine-star-regenerating-treatment-spray","status":"publish","type":"product","link":"https:\/\/top-kosmetika.ee\/et\/product\/ronney-professional-holo-shine-star-regenerating-treatment-spray\/","title":{"rendered":"Ronney Professional HoLo Shine Star Regenerating Treatment Spray"},"content":{"rendered":"<p>Juukselaki piim tagab igak\u00fclgse juuksehoolduse, andes neile tervise, s\u00e4ra ja siidise sileduse. Uuenduslik valem on loodud spetsiaalselt selleks, et teie juuksed n\u00e4eksid suurep\u00e4rased v\u00e4lja! Juuksepiim on mitmesuunalise toimega, toites, niisutades ja tugevdades iga juukseharu. Rikkalik segu aktiivsetest koostisosadest, nagu looduslikud taimeekstraktid ja vitamiinid, tagab tervikliku efekti.<\/p>","protected":false},"excerpt":{"rendered":"<p>Juukselaki piim tagab igak\u00fclgse juuksehoolduse, andes neile tervise, s\u00e4ra ja siidise sileduse.<\/p>\n","protected":false},"featured_media":4561,"template":"","meta":[],"product_brand":[],"product_cat":[85],"product_tag":[104],"class_list":{"0":"post-4560","1":"product","2":"type-product","3":"status-publish","4":"has-post-thumbnail","6":"product_cat-dlya-volos","7":"product_tag-ronney","9":"first","10":"instock","11":"shipping-taxable","12":"purchasable","13":"product-type-simple"},"_links":{"self":[{"href":"https:\/\/top-kosmetika.ee\/et\/wp-json\/wp\/v2\/product\/4560","targetHints":{"allow":["GET"]}}],"collection":[{"href":"https:\/\/top-kosmetika.ee\/et\/wp-json\/wp\/v2\/product"}],"about":[{"href":"https:\/\/top-kosmetika.ee\/et\/wp-json\/wp\/v2\/types\/product"}],"wp:featuredmedia":[{"embeddable":true,"href":"https:\/\/top-kosmetika.ee\/et\/wp-json\/wp\/v2\/media\/4561"}],"wp:attachment":[{"href":"https:\/\/top-kosmetika.ee\/et\/wp-json\/wp\/v2\/media?parent=4560"}],"wp:term":[{"taxonomy":"product_brand","embeddable":true,"href":"https:\/\/top-kosmetika.ee\/et\/wp-json\/wp\/v2\/product_brand?post=4560"},{"taxonomy":"product_cat","embeddable":true,"href":"https:\/\/top-kosmetika.ee\/et\/wp-json\/wp\/v2\/product_cat?post=4560"},{"taxonomy":"product_tag","embeddable":true,"href":"https:\/\/top-kosmetika.ee\/et\/wp-json\/wp\/v2\/product_tag?post=4560"}],"curies":[{"name":"wp","href":"https:\/\/api.w.org\/{rel}","templated":true}]}}