{"id":4558,"date":"2024-07-02T18:52:07","date_gmt":"2024-07-02T15:52:07","guid":{"rendered":"https:\/\/top-kosmetika.ee\/?post_type=product&#038;p=4558"},"modified":"2024-07-02T18:52:08","modified_gmt":"2024-07-02T15:52:08","slug":"leave-in-spray-mask-15in1-ronney-285ml","status":"publish","type":"product","link":"https:\/\/top-kosmetika.ee\/et\/product\/leave-in-spray-mask-15in1-ronney-285ml\/","title":{"rendered":"Leave-in Spray Mask 15in1 RONNEY 285ml"},"content":{"rendered":"<p>Juukselakk 15 in 1 on ideaalne toode igat t\u00fc\u00fcpi juuste hooldamiseks. Niisutab ja toidab juukseid t\u00f5husalt, taastab ja annab loomuliku s\u00e4ra, hoiab \u00e4ra juukseotste l\u00f5henemise ja h\u00f5lbustab juukseotste lahtiharutamist. Lisaks kaitseb see kuumuse ja muude kahjulike tegurite eest. Lisab vol\u00fc\u00fcmi, elastsust ja pehmust.<br \/>\nKasutamine: Enne kasutamist loksutada. Kasuta niisketel v\u00f5i kuivadel juustel. Mitte minu.<\/p>","protected":false},"excerpt":{"rendered":"<p>Juukselakk 15 in 1 on ideaalne toode igat t\u00fc\u00fcpi juuste hooldamiseks. Niisutab ja toidab juukseid t\u00f5husalt, taastab ja annab loomuliku s\u00e4ra, hoiab \u00e4ra juukseotste l\u00f5henemise ja h\u00f5lbustab juukseotste lahtiharutamist. Lisaks kaitseb see kuumuse ja muude kahjulike tegurite eest. Lisab vol\u00fc\u00fcmi, elastsust ja pehmust.<\/p>\n","protected":false},"featured_media":4559,"template":"","meta":[],"product_brand":[],"product_cat":[85],"product_tag":[104],"class_list":{"0":"post-4558","1":"product","2":"type-product","3":"status-publish","4":"has-post-thumbnail","6":"product_cat-dlya-volos","7":"product_tag-ronney","9":"first","10":"instock","11":"shipping-taxable","12":"purchasable","13":"product-type-simple"},"_links":{"self":[{"href":"https:\/\/top-kosmetika.ee\/et\/wp-json\/wp\/v2\/product\/4558","targetHints":{"allow":["GET"]}}],"collection":[{"href":"https:\/\/top-kosmetika.ee\/et\/wp-json\/wp\/v2\/product"}],"about":[{"href":"https:\/\/top-kosmetika.ee\/et\/wp-json\/wp\/v2\/types\/product"}],"wp:featuredmedia":[{"embeddable":true,"href":"https:\/\/top-kosmetika.ee\/et\/wp-json\/wp\/v2\/media\/4559"}],"wp:attachment":[{"href":"https:\/\/top-kosmetika.ee\/et\/wp-json\/wp\/v2\/media?parent=4558"}],"wp:term":[{"taxonomy":"product_brand","embeddable":true,"href":"https:\/\/top-kosmetika.ee\/et\/wp-json\/wp\/v2\/product_brand?post=4558"},{"taxonomy":"product_cat","embeddable":true,"href":"https:\/\/top-kosmetika.ee\/et\/wp-json\/wp\/v2\/product_cat?post=4558"},{"taxonomy":"product_tag","embeddable":true,"href":"https:\/\/top-kosmetika.ee\/et\/wp-json\/wp\/v2\/product_tag?post=4558"}],"curies":[{"name":"wp","href":"https:\/\/api.w.org\/{rel}","templated":true}]}}