{"id":4552,"date":"2024-06-19T12:49:26","date_gmt":"2024-06-19T09:49:26","guid":{"rendered":"https:\/\/top-kosmetika.ee\/?post_type=product&#038;p=4552"},"modified":"2024-08-17T15:25:30","modified_gmt":"2024-08-17T12:25:30","slug":"allwaves-blueberry-calendula-shampoo-1000-ml","status":"publish","type":"product","link":"https:\/\/top-kosmetika.ee\/et\/product\/allwaves-blueberry-calendula-shampoo-1000-ml\/","title":{"rendered":"Allwaves Blueberry &#038; Calendula Shampoo 1000 ml"},"content":{"rendered":"<p>Toidab s\u00fcgavuti ja pikendab juuksev\u00e4rvi eluiga. \u0160ampoon on eriti soovitatav juustele, mis on kahjustatud keemiliste toodete sagedasest kasutamisest nagu v\u00e4rvimine, perming v\u00f5i pleegitamine. Sisaldab mustika- ja saialilleekstrakte. Marjal on suurep\u00e4rased regenereerivad ja tugevad antioks\u00fcdantsed omadused. T\u00e4nu selles sisalduvale C-vitamiinile annab see juustele s\u00e4ra ja tugevdab neid n\u00e4htavalt. Saialill m\u00f5jub peanahale rahustavalt, niisutab seda, m\u00f5jutades selle seisundit ja parandades selle v\u00e4limust. Juuksed muutuvad tugevamaks ja l\u00e4ikivamaks. Marja aroom.<\/p>","protected":false},"excerpt":{"rendered":"<p>Toidab s\u00fcgavuti ja pikendab juuksev\u00e4rvi eluiga.<\/p>\n","protected":false},"featured_media":4553,"template":"","meta":[],"product_brand":[],"product_cat":[85],"product_tag":[137,139],"class_list":{"0":"post-4552","1":"product","2":"type-product","3":"status-publish","4":"has-post-thumbnail","6":"product_cat-dlya-volos","7":"product_tag-allwaves","8":"product_tag-shampoo","10":"first","11":"outofstock","12":"shipping-taxable","13":"purchasable","14":"product-type-simple"},"_links":{"self":[{"href":"https:\/\/top-kosmetika.ee\/et\/wp-json\/wp\/v2\/product\/4552","targetHints":{"allow":["GET"]}}],"collection":[{"href":"https:\/\/top-kosmetika.ee\/et\/wp-json\/wp\/v2\/product"}],"about":[{"href":"https:\/\/top-kosmetika.ee\/et\/wp-json\/wp\/v2\/types\/product"}],"wp:featuredmedia":[{"embeddable":true,"href":"https:\/\/top-kosmetika.ee\/et\/wp-json\/wp\/v2\/media\/4553"}],"wp:attachment":[{"href":"https:\/\/top-kosmetika.ee\/et\/wp-json\/wp\/v2\/media?parent=4552"}],"wp:term":[{"taxonomy":"product_brand","embeddable":true,"href":"https:\/\/top-kosmetika.ee\/et\/wp-json\/wp\/v2\/product_brand?post=4552"},{"taxonomy":"product_cat","embeddable":true,"href":"https:\/\/top-kosmetika.ee\/et\/wp-json\/wp\/v2\/product_cat?post=4552"},{"taxonomy":"product_tag","embeddable":true,"href":"https:\/\/top-kosmetika.ee\/et\/wp-json\/wp\/v2\/product_tag?post=4552"}],"curies":[{"name":"wp","href":"https:\/\/api.w.org\/{rel}","templated":true}]}}