{"id":4548,"date":"2024-05-24T21:50:05","date_gmt":"2024-05-24T18:50:05","guid":{"rendered":"https:\/\/top-kosmetika.ee\/?post_type=product&#038;p=4548"},"modified":"2024-05-24T21:50:05","modified_gmt":"2024-05-24T18:50:05","slug":"allwaves-restorative-mask-with-chocolate-and-keratin-1000-ml","status":"publish","type":"product","link":"https:\/\/top-kosmetika.ee\/et\/product\/allwaves-restorative-mask-with-chocolate-and-keratin-1000-ml\/","title":{"rendered":"ALLWAVES  RESTORATIVE MASK  WITH CHOCOLATE AND KERATIN  1000 ml"},"content":{"rendered":"<p>Loodud kakao- ja keratiiniekstraktidest, toidab ja toniseerib juukseid s\u00fcgavuti. See annab neile erakordse pehmuse ilma stressi tekitamata. Aktiivsed \u00fchendid tungivad juustesse, andes neile s\u00e4ra ja eluj\u00f5udu. Maski abil on lihtne juukseid kammida ning t\u00e4nu kergele tekstuurile sobib see igap\u00e4evaseks kasutamiseks.<\/p>\n<p>Kasutusviis:<\/p>\n<p>Kandke v\u00e4ike kogus niisketele juustele. Masseerige \u00f5rnalt kogu pikkuses kuni otsteni, seej\u00e4rel loputage hoolikalt. J\u00e4tkake stiilimist.<\/p>","protected":false},"excerpt":{"rendered":"<p>Loodud kakao- ja keratiiniekstraktidest, toidab ja toniseerib juukseid s\u00fcgavuti. See annab neile erakordse pehmuse ilma stressi tekitamata. Aktiivsed \u00fchendid tungivad juustesse, andes neile s\u00e4ra ja eluj\u00f5udu. Maski abil on lihtne juukseid kammida ning t\u00e4nu kergele tekstuurile sobib see igap\u00e4evaseks kasutamiseks.<\/p>\n<p>&nbsp;<\/p>\n","protected":false},"featured_media":4549,"template":"","meta":[],"product_brand":[],"product_cat":[85],"product_tag":[137],"class_list":{"0":"post-4548","1":"product","2":"type-product","3":"status-publish","4":"has-post-thumbnail","6":"product_cat-dlya-volos","7":"product_tag-allwaves","9":"first","10":"instock","11":"shipping-taxable","12":"purchasable","13":"product-type-simple"},"_links":{"self":[{"href":"https:\/\/top-kosmetika.ee\/et\/wp-json\/wp\/v2\/product\/4548","targetHints":{"allow":["GET"]}}],"collection":[{"href":"https:\/\/top-kosmetika.ee\/et\/wp-json\/wp\/v2\/product"}],"about":[{"href":"https:\/\/top-kosmetika.ee\/et\/wp-json\/wp\/v2\/types\/product"}],"wp:featuredmedia":[{"embeddable":true,"href":"https:\/\/top-kosmetika.ee\/et\/wp-json\/wp\/v2\/media\/4549"}],"wp:attachment":[{"href":"https:\/\/top-kosmetika.ee\/et\/wp-json\/wp\/v2\/media?parent=4548"}],"wp:term":[{"taxonomy":"product_brand","embeddable":true,"href":"https:\/\/top-kosmetika.ee\/et\/wp-json\/wp\/v2\/product_brand?post=4548"},{"taxonomy":"product_cat","embeddable":true,"href":"https:\/\/top-kosmetika.ee\/et\/wp-json\/wp\/v2\/product_cat?post=4548"},{"taxonomy":"product_tag","embeddable":true,"href":"https:\/\/top-kosmetika.ee\/et\/wp-json\/wp\/v2\/product_tag?post=4548"}],"curies":[{"name":"wp","href":"https:\/\/api.w.org\/{rel}","templated":true}]}}