{"id":4541,"date":"2024-05-21T00:02:28","date_gmt":"2024-05-20T21:02:28","guid":{"rendered":"https:\/\/top-kosmetika.ee\/?post_type=product&#038;p=4541"},"modified":"2024-08-17T15:25:53","modified_gmt":"2024-08-17T12:25:53","slug":"profis-orevle-bioceana","status":"publish","type":"product","link":"https:\/\/top-kosmetika.ee\/et\/product\/profis-orevle-bioceana\/","title":{"rendered":"Profis Orevle Bioceana"},"content":{"rendered":"<p>Maski soovitatakse kasutada kahjustatud, raskesti kammitavatele, poorsetele ja rasustele juustele. Juuksed muutuvad toidetuks, siledaks ja t\u00e4iuslikult niisutatuks. Eliksiiri valem muudab juuksed heledamaks ning kaitseb soengu tegemise ajal k\u00f5rgete temperatuuride ja liigse kuivuse eest. Juuksed on ideaalselt kammitud ja v\u00e4hem rasvased, mis hoiab neid kauem heledana ja elastsena.<\/p>\n<p>Kasutusviis: Enne kasutamist loksutada! Pihusta niisketele v\u00f5i kuivadele juustele. \u00c4rge loputage maha.<\/p>","protected":false},"excerpt":{"rendered":"<p>Maski soovitatakse kasutada kahjustatud, raskesti kammitavatele, poorsetele ja rasustele juustele. Juuksed muutuvad toidetuks, siledaks ja t\u00e4iuslikult niisutatuks.<\/p>\n","protected":false},"featured_media":4542,"template":"","meta":[],"product_brand":[],"product_cat":[85],"product_tag":[135],"class_list":{"0":"post-4541","1":"product","2":"type-product","3":"status-publish","4":"has-post-thumbnail","6":"product_cat-dlya-volos","7":"product_tag-profis","9":"first","10":"outofstock","11":"shipping-taxable","12":"purchasable","13":"product-type-simple"},"_links":{"self":[{"href":"https:\/\/top-kosmetika.ee\/et\/wp-json\/wp\/v2\/product\/4541","targetHints":{"allow":["GET"]}}],"collection":[{"href":"https:\/\/top-kosmetika.ee\/et\/wp-json\/wp\/v2\/product"}],"about":[{"href":"https:\/\/top-kosmetika.ee\/et\/wp-json\/wp\/v2\/types\/product"}],"wp:featuredmedia":[{"embeddable":true,"href":"https:\/\/top-kosmetika.ee\/et\/wp-json\/wp\/v2\/media\/4542"}],"wp:attachment":[{"href":"https:\/\/top-kosmetika.ee\/et\/wp-json\/wp\/v2\/media?parent=4541"}],"wp:term":[{"taxonomy":"product_brand","embeddable":true,"href":"https:\/\/top-kosmetika.ee\/et\/wp-json\/wp\/v2\/product_brand?post=4541"},{"taxonomy":"product_cat","embeddable":true,"href":"https:\/\/top-kosmetika.ee\/et\/wp-json\/wp\/v2\/product_cat?post=4541"},{"taxonomy":"product_tag","embeddable":true,"href":"https:\/\/top-kosmetika.ee\/et\/wp-json\/wp\/v2\/product_tag?post=4541"}],"curies":[{"name":"wp","href":"https:\/\/api.w.org\/{rel}","templated":true}]}}