{"id":4528,"date":"2024-05-20T21:57:51","date_gmt":"2024-05-20T18:57:51","guid":{"rendered":"https:\/\/top-kosmetika.ee\/?post_type=product&#038;p=4528"},"modified":"2024-05-20T21:57:51","modified_gmt":"2024-05-20T18:57:51","slug":"scandic-profis-essential-salon-3-system","status":"publish","type":"product","link":"https:\/\/top-kosmetika.ee\/et\/product\/scandic-profis-essential-salon-3-system\/","title":{"rendered":"SCANDIC  PROFIS  ESSENTIAL SALON  3 SYSTEM."},"content":{"rendered":"<p>See on ainulaadne valem, mis sisaldab pantenooli, prop\u00fcleengl\u00fckooli, keramiide, siidist aminohappeid ning valitud pol\u00fcmeeride ja konditsioneerimiskomponentide kompleksi. See rikkalik, hoolikalt koostatud retsept pakub kuni 15 muljetavaldavat efekti: 1. niisutab | 2. t\u00e4idab juuksestruktuuri, v\u00e4hendades selle poorsust | 3. tugevdab | 4. Hoiab \u00e4ra s\u00e4risemise | 5. silub | 6. teeb kammimise lihtsamaks | 7. teeb sirgendamise lihtsamaks | 8. lisab s\u00e4ra | 9. Hoiab \u00e4ra juukseotste l\u00f5henemise | 10. toidab juukseid | 11. pehmendab | 12. muudab juuksed l\u00f5dvemaks | 13. muudab juuksed elastsemaks | 14. V\u00e4hendab juuste kalduvust murduda | 15. Takistab staatilist elektrit<\/p>\n<p>Kuidas kasutada:<\/p>\n<p>Enne kasutamist loksutada. Pihustage \u00fchtlaselt kuivadele v\u00f5i niisketele juustele ja seej\u00e4rel kammige hoolikalt.<\/p>","protected":false},"excerpt":{"rendered":"<p>3-FAASILINE JUUKSEKONDJON<\/p>\n","protected":false},"featured_media":4530,"template":"","meta":[],"product_brand":[],"product_cat":[96,95,84,85],"product_tag":[133,134,135],"class_list":{"0":"post-4528","1":"product","2":"type-product","3":"status-publish","4":"has-post-thumbnail","6":"product_cat-domashnyaya","7":"product_cat-professionalnaya","8":"product_cat-novinki","9":"product_cat-dlya-volos","10":"product_tag-3-faasiline-juuksekondjon","11":"product_tag-3-faznyj-konditsioner-dlya-volos","12":"product_tag-profis","14":"first","15":"instock","16":"shipping-taxable","17":"purchasable","18":"product-type-simple"},"_links":{"self":[{"href":"https:\/\/top-kosmetika.ee\/et\/wp-json\/wp\/v2\/product\/4528","targetHints":{"allow":["GET"]}}],"collection":[{"href":"https:\/\/top-kosmetika.ee\/et\/wp-json\/wp\/v2\/product"}],"about":[{"href":"https:\/\/top-kosmetika.ee\/et\/wp-json\/wp\/v2\/types\/product"}],"wp:featuredmedia":[{"embeddable":true,"href":"https:\/\/top-kosmetika.ee\/et\/wp-json\/wp\/v2\/media\/4530"}],"wp:attachment":[{"href":"https:\/\/top-kosmetika.ee\/et\/wp-json\/wp\/v2\/media?parent=4528"}],"wp:term":[{"taxonomy":"product_brand","embeddable":true,"href":"https:\/\/top-kosmetika.ee\/et\/wp-json\/wp\/v2\/product_brand?post=4528"},{"taxonomy":"product_cat","embeddable":true,"href":"https:\/\/top-kosmetika.ee\/et\/wp-json\/wp\/v2\/product_cat?post=4528"},{"taxonomy":"product_tag","embeddable":true,"href":"https:\/\/top-kosmetika.ee\/et\/wp-json\/wp\/v2\/product_tag?post=4528"}],"curies":[{"name":"wp","href":"https:\/\/api.w.org\/{rel}","templated":true}]}}