{"id":4468,"date":"2023-08-10T15:57:58","date_gmt":"2023-08-10T12:57:58","guid":{"rendered":"https:\/\/top-kosmetika.ee\/?post_type=product&#038;p=4468"},"modified":"2024-05-20T22:04:21","modified_gmt":"2024-05-20T19:04:21","slug":"biphasic-detangling-filler-treatment-n-5-without-rinsing-seven-touch-200-ml","status":"publish","type":"product","link":"https:\/\/top-kosmetika.ee\/et\/product\/biphasic-detangling-filler-treatment-n-5-without-rinsing-seven-touch-200-ml\/","title":{"rendered":"BIPHASIC DETANGLING FILLER TREATMENT N.5 \u2013 WITHOUT RINSING Seven Touch 200 ml"},"content":{"rendered":"<p><span class=\"jCAhz ChMk0b\"><span class=\"ryNqvb\">Seven Touchi lahtistav t\u00e4itehooldus kollageeni, keratiini ja \u017een\u0161enni ekstraktiga.<\/span><\/span> <span class=\"jCAhz ChMk0b\"><span class=\"ryNqvb\">Ideaalne kahjustatud ja \u00e4rakasutatud juuste korral.<\/span><\/span><\/p>","protected":false},"excerpt":{"rendered":"<p><span class=\"jCAhz ChMk0b\"><span class=\"ryNqvb\">Kasutamine: pihustage niisketele juustele.<\/span><\/span> <span class=\"jCAhz ChMk0b\"><span class=\"ryNqvb\">\u00c4ra loputa.<\/span><\/span> <span class=\"jCAhz ChMk0b\"><span class=\"ryNqvb\">Iga p\u00e4ev.<\/span><\/span> <span class=\"jCAhz ChMk0b\"><span class=\"ryNqvb\">ENNE KASUTAMIST LOKSUTA H\u00c4STI.<\/span><\/span><\/p>\n","protected":false},"featured_media":4469,"template":"","meta":[],"product_brand":[],"product_cat":[96,95,85],"product_tag":[132],"class_list":{"0":"post-4468","1":"product","2":"type-product","3":"status-publish","4":"has-post-thumbnail","6":"product_cat-domashnyaya","7":"product_cat-professionalnaya","8":"product_cat-dlya-volos","9":"product_tag-seventouch","11":"first","12":"instock","13":"sale","14":"shipping-taxable","15":"purchasable","16":"product-type-simple"},"_links":{"self":[{"href":"https:\/\/top-kosmetika.ee\/et\/wp-json\/wp\/v2\/product\/4468","targetHints":{"allow":["GET"]}}],"collection":[{"href":"https:\/\/top-kosmetika.ee\/et\/wp-json\/wp\/v2\/product"}],"about":[{"href":"https:\/\/top-kosmetika.ee\/et\/wp-json\/wp\/v2\/types\/product"}],"wp:featuredmedia":[{"embeddable":true,"href":"https:\/\/top-kosmetika.ee\/et\/wp-json\/wp\/v2\/media\/4469"}],"wp:attachment":[{"href":"https:\/\/top-kosmetika.ee\/et\/wp-json\/wp\/v2\/media?parent=4468"}],"wp:term":[{"taxonomy":"product_brand","embeddable":true,"href":"https:\/\/top-kosmetika.ee\/et\/wp-json\/wp\/v2\/product_brand?post=4468"},{"taxonomy":"product_cat","embeddable":true,"href":"https:\/\/top-kosmetika.ee\/et\/wp-json\/wp\/v2\/product_cat?post=4468"},{"taxonomy":"product_tag","embeddable":true,"href":"https:\/\/top-kosmetika.ee\/et\/wp-json\/wp\/v2\/product_tag?post=4468"}],"curies":[{"name":"wp","href":"https:\/\/api.w.org\/{rel}","templated":true}]}}