{"id":4464,"date":"2023-08-10T15:46:56","date_gmt":"2023-08-10T12:46:56","guid":{"rendered":"https:\/\/top-kosmetika.ee\/?post_type=product&#038;p=4464"},"modified":"2024-05-20T22:05:16","modified_gmt":"2024-05-20T19:05:16","slug":"regenerating-shampoo-filler-n-4-seven-touch-250-ml","status":"publish","type":"product","link":"https:\/\/top-kosmetika.ee\/et\/product\/regenerating-shampoo-filler-n-4-seven-touch-250-ml\/","title":{"rendered":"REGENERATING SHAMPOO FILLER N.4 Seven Touch 250 ml"},"content":{"rendered":"<p><span class=\"jCAhz ChMk0b\"><span class=\"ryNqvb\">Seven Touchi taastav \u0161ampoonit\u00e4iteaine kollageeni, keratiini ja \u017een\u0161enni ekstraktiga kahjustatud ja \u00e4rakasutatud juustele.<\/span><\/span><\/p>","protected":false},"excerpt":{"rendered":"<p><span class=\"jCAhz ChMk0b\"><span class=\"ryNqvb\">Kasutamine: jaotage m\u00e4rgadele juustele;<\/span><\/span> <span class=\"jCAhz ChMk0b\"><span class=\"ryNqvb\">Masseeri ja loputa.<\/span><\/span> <span class=\"jCAhz ChMk0b\"><span class=\"ryNqvb\">Vajadusel korrake.<\/span><\/span><\/p>\n","protected":false},"featured_media":4465,"template":"","meta":[],"product_brand":[],"product_cat":[96,95,85],"product_tag":[132],"class_list":{"0":"post-4464","1":"product","2":"type-product","3":"status-publish","4":"has-post-thumbnail","6":"product_cat-domashnyaya","7":"product_cat-professionalnaya","8":"product_cat-dlya-volos","9":"product_tag-seventouch","11":"first","12":"instock","13":"sale","14":"shipping-taxable","15":"purchasable","16":"product-type-simple"},"_links":{"self":[{"href":"https:\/\/top-kosmetika.ee\/et\/wp-json\/wp\/v2\/product\/4464","targetHints":{"allow":["GET"]}}],"collection":[{"href":"https:\/\/top-kosmetika.ee\/et\/wp-json\/wp\/v2\/product"}],"about":[{"href":"https:\/\/top-kosmetika.ee\/et\/wp-json\/wp\/v2\/types\/product"}],"wp:featuredmedia":[{"embeddable":true,"href":"https:\/\/top-kosmetika.ee\/et\/wp-json\/wp\/v2\/media\/4465"}],"wp:attachment":[{"href":"https:\/\/top-kosmetika.ee\/et\/wp-json\/wp\/v2\/media?parent=4464"}],"wp:term":[{"taxonomy":"product_brand","embeddable":true,"href":"https:\/\/top-kosmetika.ee\/et\/wp-json\/wp\/v2\/product_brand?post=4464"},{"taxonomy":"product_cat","embeddable":true,"href":"https:\/\/top-kosmetika.ee\/et\/wp-json\/wp\/v2\/product_cat?post=4464"},{"taxonomy":"product_tag","embeddable":true,"href":"https:\/\/top-kosmetika.ee\/et\/wp-json\/wp\/v2\/product_tag?post=4464"}],"curies":[{"name":"wp","href":"https:\/\/api.w.org\/{rel}","templated":true}]}}