{"id":4462,"date":"2023-08-10T14:43:24","date_gmt":"2023-08-10T11:43:24","guid":{"rendered":"https:\/\/top-kosmetika.ee\/?post_type=product&#038;p=4462"},"modified":"2024-05-20T22:05:52","modified_gmt":"2024-05-20T19:05:52","slug":"lozione-energizzante-n-3-senza-risciacquo-seven-touch-150-ml","status":"publish","type":"product","link":"https:\/\/top-kosmetika.ee\/et\/product\/lozione-energizzante-n-3-senza-risciacquo-seven-touch-150-ml\/","title":{"rendered":"LOZIONE ENERGIZZANTE N.3 \u2013 SENZA RISCIACQUO Seven Touch 150 ml"},"content":{"rendered":"<p>Seven Touchi energiat andev losjoon teepuu\u00f5li ja n\u00f5geseekstraktiga on n\u00e4idustatud juuste v\u00e4ljalangemise ennetamiseks. Peanaha stimulant.<\/p>","protected":false},"excerpt":{"rendered":"<p>Kasutamine: pihustada nahale 1-2 cm kauguselt ja masseerida. \u00c4ra loputa.<\/p>\n","protected":false},"featured_media":4463,"template":"","meta":[],"product_brand":[],"product_cat":[96,95,85],"product_tag":[132],"class_list":{"0":"post-4462","1":"product","2":"type-product","3":"status-publish","4":"has-post-thumbnail","6":"product_cat-domashnyaya","7":"product_cat-professionalnaya","8":"product_cat-dlya-volos","9":"product_tag-seventouch","11":"first","12":"outofstock","13":"shipping-taxable","14":"purchasable","15":"product-type-simple"},"_links":{"self":[{"href":"https:\/\/top-kosmetika.ee\/et\/wp-json\/wp\/v2\/product\/4462","targetHints":{"allow":["GET"]}}],"collection":[{"href":"https:\/\/top-kosmetika.ee\/et\/wp-json\/wp\/v2\/product"}],"about":[{"href":"https:\/\/top-kosmetika.ee\/et\/wp-json\/wp\/v2\/types\/product"}],"wp:featuredmedia":[{"embeddable":true,"href":"https:\/\/top-kosmetika.ee\/et\/wp-json\/wp\/v2\/media\/4463"}],"wp:attachment":[{"href":"https:\/\/top-kosmetika.ee\/et\/wp-json\/wp\/v2\/media?parent=4462"}],"wp:term":[{"taxonomy":"product_brand","embeddable":true,"href":"https:\/\/top-kosmetika.ee\/et\/wp-json\/wp\/v2\/product_brand?post=4462"},{"taxonomy":"product_cat","embeddable":true,"href":"https:\/\/top-kosmetika.ee\/et\/wp-json\/wp\/v2\/product_cat?post=4462"},{"taxonomy":"product_tag","embeddable":true,"href":"https:\/\/top-kosmetika.ee\/et\/wp-json\/wp\/v2\/product_tag?post=4462"}],"curies":[{"name":"wp","href":"https:\/\/api.w.org\/{rel}","templated":true}]}}