{"id":4452,"date":"2023-07-05T00:02:26","date_gmt":"2023-07-04T21:02:26","guid":{"rendered":"https:\/\/top-kosmetika.ee\/?post_type=product&#038;p=4452"},"modified":"2024-08-17T15:26:13","modified_gmt":"2024-08-17T12:26:13","slug":"olive-oil-based-shampoo-concerto","status":"publish","type":"product","link":"https:\/\/top-kosmetika.ee\/et\/product\/olive-oil-based-shampoo-concerto\/","title":{"rendered":"OLIVE OIL BASED SHAMPOO Concerto"},"content":{"rendered":"<p><span class=\"jCAhz ChMk0b\"><span class=\"ryNqvb\">Concerto oliivi\u00f5lil p\u00f5hinev \u0161ampoon on t\u00f5eline toitmise ja niisutuse allikas devitaliseerunud ja n\u00f5rgenenud juustele.<\/span><\/span> <span class=\"jCAhz ChMk0b\"><span class=\"ryNqvb\">Oliivi\u00f5lis sisalduvad karotenoidid ja E-vitamiin on olulised toitained, mis aitavad juukseid s\u00fcgavalt s\u00e4ilitada.<\/span><\/span> <span class=\"jCAhz ChMk0b\"><span class=\"ryNqvb\">Tegelikult stimuleerivad need juuste taaskasvu.<\/span><\/span> <span class=\"jCAhz ChMk0b\"><span class=\"ryNqvb\">Lisaks on Concerto oliivi\u00f5lip\u00f5hisel \u0161ampoonil suurep\u00e4rased antioks\u00fcdantsed omadused, mis aitavad \u00e4ra hoida vabade radikaalide toimet, mis vastutavad juukserakkude vananemise eest. Pudel 1l.<\/span><\/span><\/p>","protected":false},"excerpt":{"rendered":"<p><span class=\"jCAhz ChMk0b\"><span class=\"ryNqvb\">Kasutamine: Valage olenevalt juuste pikkusest veidi \u0161ampooni k\u00e4tele ja lahjendage see veega.<\/span><\/span> <span class=\"jCAhz ChMk0b\"><span class=\"ryNqvb\">Kanna m\u00e4rgadele juustele ja masseeri \u00f5rnalt.<\/span><\/span> <span class=\"jCAhz ChMk0b\"><span class=\"ryNqvb\">Seej\u00e4rel loputage see hoolikalt maha.<\/span><\/span> <span class=\"jCAhz ChMk0b\"><span class=\"ryNqvb\">Vajadusel korrake.<\/span><\/span><\/p>\n","protected":false},"featured_media":4453,"template":"","meta":[],"product_brand":[],"product_cat":[96,95,85],"product_tag":[131],"class_list":{"0":"post-4452","1":"product","2":"type-product","3":"status-publish","4":"has-post-thumbnail","6":"product_cat-domashnyaya","7":"product_cat-professionalnaya","8":"product_cat-dlya-volos","9":"product_tag-concerto","11":"first","12":"outofstock","13":"shipping-taxable","14":"purchasable","15":"product-type-simple"},"_links":{"self":[{"href":"https:\/\/top-kosmetika.ee\/et\/wp-json\/wp\/v2\/product\/4452","targetHints":{"allow":["GET"]}}],"collection":[{"href":"https:\/\/top-kosmetika.ee\/et\/wp-json\/wp\/v2\/product"}],"about":[{"href":"https:\/\/top-kosmetika.ee\/et\/wp-json\/wp\/v2\/types\/product"}],"wp:featuredmedia":[{"embeddable":true,"href":"https:\/\/top-kosmetika.ee\/et\/wp-json\/wp\/v2\/media\/4453"}],"wp:attachment":[{"href":"https:\/\/top-kosmetika.ee\/et\/wp-json\/wp\/v2\/media?parent=4452"}],"wp:term":[{"taxonomy":"product_brand","embeddable":true,"href":"https:\/\/top-kosmetika.ee\/et\/wp-json\/wp\/v2\/product_brand?post=4452"},{"taxonomy":"product_cat","embeddable":true,"href":"https:\/\/top-kosmetika.ee\/et\/wp-json\/wp\/v2\/product_cat?post=4452"},{"taxonomy":"product_tag","embeddable":true,"href":"https:\/\/top-kosmetika.ee\/et\/wp-json\/wp\/v2\/product_tag?post=4452"}],"curies":[{"name":"wp","href":"https:\/\/api.w.org\/{rel}","templated":true}]}}