{"id":4447,"date":"2023-07-04T23:17:12","date_gmt":"2023-07-04T20:17:12","guid":{"rendered":"https:\/\/top-kosmetika.ee\/?post_type=product&#038;p=4447"},"modified":"2023-07-04T23:17:13","modified_gmt":"2023-07-04T20:17:13","slug":"keratin-based-shampoo-concerto","status":"publish","type":"product","link":"https:\/\/top-kosmetika.ee\/et\/product\/keratin-based-shampoo-concerto\/","title":{"rendered":"KERATIN BASED SHAMPOO Concerto"},"content":{"rendered":"<p><\/p>\n<div class=\"lRu31\"><span class=\"HwtZe\" lang=\"et\"><span class=\"jCAhz ChMk0b\"><span class=\"ryNqvb\">Concerto keratiinip\u00f5hine \u0161ampoon on t\u00f5eline energia- ja eluj\u00f5uvann devitaliseerunud ja n\u00f5rgenenud juustele.<\/span><\/span> <span class=\"jCAhz ChMk0b\"><span class=\"ryNqvb\">Keratiinis sisalduvad aminohapped toimivad nii juuste pinnal, parandades kui tugevdades juuksekiudu;<\/span><\/span> <span class=\"jCAhz ChMk0b\"><span class=\"ryNqvb\">ja s\u00fcgavuti, sulgedes juuksesoomused.<\/span><\/span> <span class=\"jCAhz ChMk0b\"><span class=\"ryNqvb\">Sel viisil saavutavad k\u00fc\u00fcnenahad oma tugevuse ja sileduse.<\/span><\/span> <span class=\"jCAhz ChMk0b\"><span class=\"ryNqvb\">Lisaks puhastab Concerto keratiinip\u00f5hine \u0161ampoon juukseid \u00f5rnalt, kahjustamata nende h\u00fcdrolipiidbarj\u00e4\u00e4ri. Pudel 1l.<\/span><\/span><\/span><\/div>\n<div class=\"UdTY9 qhIQqf WdefRb\" aria-hidden=\"true\" data-location=\"2\"><\/div>\n<p><\/p>","protected":false},"excerpt":{"rendered":"<p class=\"qtranxs-available-languages-message qtranxs-available-languages-message-et\">Vabandame, see kanne on saadaval ainult %LANG : ja %.<\/p>\n","protected":false},"featured_media":4448,"template":"","meta":[],"product_brand":[],"product_cat":[96,95,85],"product_tag":[131],"class_list":{"0":"post-4447","1":"product","2":"type-product","3":"status-publish","4":"has-post-thumbnail","6":"product_cat-domashnyaya","7":"product_cat-professionalnaya","8":"product_cat-dlya-volos","9":"product_tag-concerto","11":"first","12":"instock","13":"shipping-taxable","14":"purchasable","15":"product-type-simple"},"_links":{"self":[{"href":"https:\/\/top-kosmetika.ee\/et\/wp-json\/wp\/v2\/product\/4447","targetHints":{"allow":["GET"]}}],"collection":[{"href":"https:\/\/top-kosmetika.ee\/et\/wp-json\/wp\/v2\/product"}],"about":[{"href":"https:\/\/top-kosmetika.ee\/et\/wp-json\/wp\/v2\/types\/product"}],"wp:featuredmedia":[{"embeddable":true,"href":"https:\/\/top-kosmetika.ee\/et\/wp-json\/wp\/v2\/media\/4448"}],"wp:attachment":[{"href":"https:\/\/top-kosmetika.ee\/et\/wp-json\/wp\/v2\/media?parent=4447"}],"wp:term":[{"taxonomy":"product_brand","embeddable":true,"href":"https:\/\/top-kosmetika.ee\/et\/wp-json\/wp\/v2\/product_brand?post=4447"},{"taxonomy":"product_cat","embeddable":true,"href":"https:\/\/top-kosmetika.ee\/et\/wp-json\/wp\/v2\/product_cat?post=4447"},{"taxonomy":"product_tag","embeddable":true,"href":"https:\/\/top-kosmetika.ee\/et\/wp-json\/wp\/v2\/product_tag?post=4447"}],"curies":[{"name":"wp","href":"https:\/\/api.w.org\/{rel}","templated":true}]}}