{"id":4445,"date":"2023-07-04T21:24:53","date_gmt":"2023-07-04T18:24:53","guid":{"rendered":"https:\/\/top-kosmetika.ee\/?post_type=product&#038;p=4445"},"modified":"2024-08-17T15:26:31","modified_gmt":"2024-08-17T12:26:31","slug":"garlic-based-mask-concerto","status":"publish","type":"product","link":"https:\/\/top-kosmetika.ee\/et\/product\/garlic-based-mask-concerto\/","title":{"rendered":"GARLIC BASED MASK Concerto"},"content":{"rendered":"<p><span class=\"jCAhz ChMk0b\"><span class=\"ryNqvb\">Concerto k\u00fc\u00fcslaugu baasil mask on ideaalne hooldus loomulikult kuivadele, lokkis ja l\u00f5henenud otstega, tuhmidele ja elututele, juuksev\u00e4rvide keemilistest ainetest kahjustatud juustele.<\/span><\/span> <span class=\"jCAhz ChMk0b\"><span class=\"ryNqvb\">Tegelikult aitavad k\u00fc\u00fcslaugu antibakteriaalsed ja toitvad omadused kahjustatud juukseid tugevdada, niisutades neid ning siluvad nende varsi ja juukseotsi.<\/span><\/span> <span class=\"jCAhz ChMk0b\"><span class=\"ryNqvb\">Concerto k\u00fc\u00fcslaugup\u00f5hise \u0161ampooni ja maski kombineeritud kasutamine suurendab juuste niisutavat toimet, saavutades suurep\u00e4rased tulemused. Purk 1l.<\/span><\/span><\/p>","protected":false},"excerpt":{"rendered":"<p><span class=\"jCAhz ChMk0b\"><span class=\"ryNqvb\">Kasutamine: kandke mask pestud ja r\u00e4tikukuivadele juustele.<\/span><\/span> <span class=\"jCAhz ChMk0b\"><span class=\"ryNqvb\">Toote paremaks ja \u00fchtlaseks jaotamiseks kasutage laiade hammastega kammi.<\/span><\/span> <span class=\"jCAhz ChMk0b\"><span class=\"ryNqvb\">5-10 minuti p\u00e4rast loputage rohke sooja veega.<\/span><\/span> <span class=\"jCAhz ChMk0b\"><span class=\"ryNqvb\">J\u00e4tkake kuivatamist ja soovitud stiili.<\/span><\/span><\/p>\n","protected":false},"featured_media":4446,"template":"","meta":[],"product_brand":[],"product_cat":[96,95,85],"product_tag":[131],"class_list":{"0":"post-4445","1":"product","2":"type-product","3":"status-publish","4":"has-post-thumbnail","6":"product_cat-domashnyaya","7":"product_cat-professionalnaya","8":"product_cat-dlya-volos","9":"product_tag-concerto","11":"first","12":"outofstock","13":"shipping-taxable","14":"product-type-simple"},"_links":{"self":[{"href":"https:\/\/top-kosmetika.ee\/et\/wp-json\/wp\/v2\/product\/4445","targetHints":{"allow":["GET"]}}],"collection":[{"href":"https:\/\/top-kosmetika.ee\/et\/wp-json\/wp\/v2\/product"}],"about":[{"href":"https:\/\/top-kosmetika.ee\/et\/wp-json\/wp\/v2\/types\/product"}],"wp:featuredmedia":[{"embeddable":true,"href":"https:\/\/top-kosmetika.ee\/et\/wp-json\/wp\/v2\/media\/4446"}],"wp:attachment":[{"href":"https:\/\/top-kosmetika.ee\/et\/wp-json\/wp\/v2\/media?parent=4445"}],"wp:term":[{"taxonomy":"product_brand","embeddable":true,"href":"https:\/\/top-kosmetika.ee\/et\/wp-json\/wp\/v2\/product_brand?post=4445"},{"taxonomy":"product_cat","embeddable":true,"href":"https:\/\/top-kosmetika.ee\/et\/wp-json\/wp\/v2\/product_cat?post=4445"},{"taxonomy":"product_tag","embeddable":true,"href":"https:\/\/top-kosmetika.ee\/et\/wp-json\/wp\/v2\/product_tag?post=4445"}],"curies":[{"name":"wp","href":"https:\/\/api.w.org\/{rel}","templated":true}]}}