{"id":4443,"date":"2023-07-04T21:16:42","date_gmt":"2023-07-04T18:16:42","guid":{"rendered":"https:\/\/top-kosmetika.ee\/?post_type=product&#038;p=4443"},"modified":"2024-06-30T13:00:40","modified_gmt":"2024-06-30T10:00:40","slug":"garlic-based-shampoo-concerto","status":"publish","type":"product","link":"https:\/\/top-kosmetika.ee\/et\/product\/garlic-based-shampoo-concerto\/","title":{"rendered":"GARLIC BASED SHAMPOO Concerto"},"content":{"rendered":"<p><span class=\"jCAhz ChMk0b\"><span class=\"ryNqvb\">Concerto k\u00fc\u00fcslaugu baasil \u0161ampoon sobib ideaalselt loomulikult kuivadele, lokkis ja l\u00f5henenud otstega, tuhmidele ja elututele, juuksev\u00e4rvide keemilistest ainetest kahjustatud juustele.<\/span><\/span> <span class=\"jCAhz ChMk0b\"><span class=\"ryNqvb\">Tegelikult aitavad k\u00fc\u00fcslaugu antibakteriaalsed ja toitvad omadused kahjustatud juukseid tugevdada, niisutades neid ning siluvad nende varsi ja juukseotsi.<\/span><\/span> <span class=\"jCAhz ChMk0b\"><span class=\"ryNqvb\">Lisaks parandab Concerto k\u00fc\u00fcslaugup\u00f5hine \u0161ampoon naha vereringet ja juuksefolliikulite taastumist.<\/span><\/span> <span class=\"jCAhz ChMk0b\"><span class=\"ryNqvb\">P\u00e4rast pealekandmist n\u00e4evad teie juuksed tervemad ja s\u00e4ravamad. Pudel 1l.<\/span><\/span><\/p>","protected":false},"excerpt":{"rendered":"<p>Concerto k\u00fc\u00fcslaugu baasil \u0161ampoon sobib ideaalselt loomulikult kuivadele, lokkis ja l\u00f5henenud otstega, tuhmidele ja elututele, juuksev\u00e4rvide keemilistest ainetest kahjustatud juustele.<\/p>\n","protected":false},"featured_media":4444,"template":"","meta":[],"product_brand":[],"product_cat":[96,95,85],"product_tag":[131],"class_list":{"0":"post-4443","1":"product","2":"type-product","3":"status-publish","4":"has-post-thumbnail","6":"product_cat-domashnyaya","7":"product_cat-professionalnaya","8":"product_cat-dlya-volos","9":"product_tag-concerto","11":"first","12":"outofstock","13":"shipping-taxable","14":"product-type-simple"},"_links":{"self":[{"href":"https:\/\/top-kosmetika.ee\/et\/wp-json\/wp\/v2\/product\/4443","targetHints":{"allow":["GET"]}}],"collection":[{"href":"https:\/\/top-kosmetika.ee\/et\/wp-json\/wp\/v2\/product"}],"about":[{"href":"https:\/\/top-kosmetika.ee\/et\/wp-json\/wp\/v2\/types\/product"}],"wp:featuredmedia":[{"embeddable":true,"href":"https:\/\/top-kosmetika.ee\/et\/wp-json\/wp\/v2\/media\/4444"}],"wp:attachment":[{"href":"https:\/\/top-kosmetika.ee\/et\/wp-json\/wp\/v2\/media?parent=4443"}],"wp:term":[{"taxonomy":"product_brand","embeddable":true,"href":"https:\/\/top-kosmetika.ee\/et\/wp-json\/wp\/v2\/product_brand?post=4443"},{"taxonomy":"product_cat","embeddable":true,"href":"https:\/\/top-kosmetika.ee\/et\/wp-json\/wp\/v2\/product_cat?post=4443"},{"taxonomy":"product_tag","embeddable":true,"href":"https:\/\/top-kosmetika.ee\/et\/wp-json\/wp\/v2\/product_tag?post=4443"}],"curies":[{"name":"wp","href":"https:\/\/api.w.org\/{rel}","templated":true}]}}