{"id":4441,"date":"2023-07-04T19:36:14","date_gmt":"2023-07-04T16:36:14","guid":{"rendered":"https:\/\/top-kosmetika.ee\/?post_type=product&#038;p=4441"},"modified":"2024-06-30T13:01:22","modified_gmt":"2024-06-30T10:01:22","slug":"collagen-based-mask-concerto","status":"publish","type":"product","link":"https:\/\/top-kosmetika.ee\/et\/product\/collagen-based-mask-concerto\/","title":{"rendered":"COLLAGEN BASED MASK Concerto"},"content":{"rendered":"<p><span class=\"jCAhz ChMk0b\"><span class=\"ryNqvb\">Concerto kollageeni baasil mask on ideaalne hooldus \u00f5rnadele, kergesti murduvatele v\u00f5i langevatele juustele, keemiliselt t\u00f6\u00f6deldud juustele, mida on n\u00f5rgenenud lokitangide ja sirgendajate kasutamine v\u00f5i l\u00f5henenud otstega.<\/span><\/span> <span class=\"jCAhz ChMk0b\"><span class=\"ryNqvb\">Tegelikult sisaldab selle valem tervet toimeainet, mis v\u00f5imaldab juukseid s\u00fcgavalt t\u00e4ita.<\/span><\/span> <span class=\"jCAhz ChMk0b\"><span class=\"ryNqvb\">Concerto kollageenip\u00f5hise \u0161ampooni ja maski kombineeritud kasutamine suurendab juuste t\u00e4itmist, saavutades suurep\u00e4rased tulemused. Purk 1l.<\/span><\/span><\/p>","protected":false},"excerpt":{"rendered":"<div class=\"lRu31\"><span class=\"HwtZe\" lang=\"et\"><span class=\"jCAhz ChMk0b\"><span class=\"ryNqvb\">Kasutamine: kandke mask pestud ja r\u00e4tikukuivadele juustele.<\/span><\/span> <span class=\"jCAhz ChMk0b\"><span class=\"ryNqvb\">Toote paremaks ja \u00fchtlaseks jaotamiseks on soovitatav kasutada laiade hammastega kammi.<\/span><\/span> <span class=\"jCAhz ChMk0b\"><span class=\"ryNqvb\">5-10 minuti p\u00e4rast loputage rohke sooja veega.<\/span><\/span> <span class=\"jCAhz ChMk0b\"><span class=\"ryNqvb\">J\u00e4tkake kuivatamist ja soovitud stiili.<\/span><\/span><\/span><\/div>\n<div class=\"UdTY9 WdefRb\" aria-hidden=\"true\" data-location=\"2\"><\/div>\n","protected":false},"featured_media":4442,"template":"","meta":[],"product_brand":[],"product_cat":[96,95,85],"product_tag":[131],"class_list":{"0":"post-4441","1":"product","2":"type-product","3":"status-publish","4":"has-post-thumbnail","6":"product_cat-domashnyaya","7":"product_cat-professionalnaya","8":"product_cat-dlya-volos","9":"product_tag-concerto","11":"first","12":"outofstock","13":"shipping-taxable","14":"product-type-simple"},"_links":{"self":[{"href":"https:\/\/top-kosmetika.ee\/et\/wp-json\/wp\/v2\/product\/4441","targetHints":{"allow":["GET"]}}],"collection":[{"href":"https:\/\/top-kosmetika.ee\/et\/wp-json\/wp\/v2\/product"}],"about":[{"href":"https:\/\/top-kosmetika.ee\/et\/wp-json\/wp\/v2\/types\/product"}],"wp:featuredmedia":[{"embeddable":true,"href":"https:\/\/top-kosmetika.ee\/et\/wp-json\/wp\/v2\/media\/4442"}],"wp:attachment":[{"href":"https:\/\/top-kosmetika.ee\/et\/wp-json\/wp\/v2\/media?parent=4441"}],"wp:term":[{"taxonomy":"product_brand","embeddable":true,"href":"https:\/\/top-kosmetika.ee\/et\/wp-json\/wp\/v2\/product_brand?post=4441"},{"taxonomy":"product_cat","embeddable":true,"href":"https:\/\/top-kosmetika.ee\/et\/wp-json\/wp\/v2\/product_cat?post=4441"},{"taxonomy":"product_tag","embeddable":true,"href":"https:\/\/top-kosmetika.ee\/et\/wp-json\/wp\/v2\/product_tag?post=4441"}],"curies":[{"name":"wp","href":"https:\/\/api.w.org\/{rel}","templated":true}]}}