{"id":4439,"date":"2023-07-04T19:30:35","date_gmt":"2023-07-04T16:30:35","guid":{"rendered":"https:\/\/top-kosmetika.ee\/?post_type=product&#038;p=4439"},"modified":"2024-08-17T15:27:04","modified_gmt":"2024-08-17T12:27:04","slug":"collagen-based-shampoo-concerto","status":"publish","type":"product","link":"https:\/\/top-kosmetika.ee\/et\/product\/collagen-based-shampoo-concerto\/","title":{"rendered":"COLLAGEN BASED SHAMPOO Concerto"},"content":{"rendered":"<p><span class=\"jCAhz ChMk0b\"><span class=\"ryNqvb\">oncerto kollageenip\u00f5hine \u0161ampoon sobib ideaalselt keemiliselt t\u00f6\u00f6deldud juustele, mida on n\u00f5rgenenud lokitangide ja sirgendajate kasutamine v\u00f5i l\u00f5henenud otstega.<\/span><\/span> <span class=\"jCAhz ChMk0b\"><span class=\"ryNqvb\">Tegelikult sisaldab selle valem tervet toimeainet, mis v\u00f5imaldab juukseid s\u00fcgavalt t\u00e4ita.<\/span><\/span> <span class=\"jCAhz ChMk0b\"><span class=\"ryNqvb\">Lisaks annab Concerto kollageenip\u00f5hine \u0161ampoon energiat andva toime \u00f5rnadele juustele, mis kergesti murduvad v\u00f5i kukuvad.<\/span><\/span> <span class=\"jCAhz ChMk0b\"><span class=\"ryNqvb\">Kollageen niisutab, toidab ja pehmendab juukseid.<\/span><\/span> <span class=\"jCAhz ChMk0b\"><span class=\"ryNqvb\">Samal ajal rikastab see kapillaaride struktuuri, andes selle kiududele tugevust ja hoides \u00e4ra juuste v\u00e4ljalangemise. Pudel 1l.<\/span><\/span><\/p>","protected":false},"excerpt":{"rendered":"<p><span class=\"jCAhz ChMk0b\"><span class=\"ryNqvb\">Kasutamine: Valage olenevalt juuste pikkusest veidi \u0161ampooni k\u00e4tele ja lahjendage see veega.<\/span><\/span> <span class=\"jCAhz ChMk0b\"><span class=\"ryNqvb\">Jaotage m\u00e4rgadele juustele, masseerige \u00f5rnalt ja seej\u00e4rel loputage hoolikalt maha.<\/span><\/span> <span class=\"jCAhz ChMk0b\"><span class=\"ryNqvb\">Vajadusel korrake.<\/span><\/span><\/p>\n","protected":false},"featured_media":4440,"template":"","meta":[],"product_brand":[],"product_cat":[96,95,85],"product_tag":[131],"class_list":{"0":"post-4439","1":"product","2":"type-product","3":"status-publish","4":"has-post-thumbnail","6":"product_cat-domashnyaya","7":"product_cat-professionalnaya","8":"product_cat-dlya-volos","9":"product_tag-concerto","11":"first","12":"instock","13":"sale","14":"shipping-taxable","15":"purchasable","16":"product-type-simple"},"_links":{"self":[{"href":"https:\/\/top-kosmetika.ee\/et\/wp-json\/wp\/v2\/product\/4439","targetHints":{"allow":["GET"]}}],"collection":[{"href":"https:\/\/top-kosmetika.ee\/et\/wp-json\/wp\/v2\/product"}],"about":[{"href":"https:\/\/top-kosmetika.ee\/et\/wp-json\/wp\/v2\/types\/product"}],"wp:featuredmedia":[{"embeddable":true,"href":"https:\/\/top-kosmetika.ee\/et\/wp-json\/wp\/v2\/media\/4440"}],"wp:attachment":[{"href":"https:\/\/top-kosmetika.ee\/et\/wp-json\/wp\/v2\/media?parent=4439"}],"wp:term":[{"taxonomy":"product_brand","embeddable":true,"href":"https:\/\/top-kosmetika.ee\/et\/wp-json\/wp\/v2\/product_brand?post=4439"},{"taxonomy":"product_cat","embeddable":true,"href":"https:\/\/top-kosmetika.ee\/et\/wp-json\/wp\/v2\/product_cat?post=4439"},{"taxonomy":"product_tag","embeddable":true,"href":"https:\/\/top-kosmetika.ee\/et\/wp-json\/wp\/v2\/product_tag?post=4439"}],"curies":[{"name":"wp","href":"https:\/\/api.w.org\/{rel}","templated":true}]}}