{"id":4437,"date":"2023-07-03T11:38:50","date_gmt":"2023-07-03T08:38:50","guid":{"rendered":"https:\/\/top-kosmetika.ee\/?post_type=product&#038;p=4437"},"modified":"2024-06-30T13:01:58","modified_gmt":"2024-06-30T10:01:58","slug":"fluid-for-curly-hair-personal-touch","status":"publish","type":"product","link":"https:\/\/top-kosmetika.ee\/et\/product\/fluid-for-curly-hair-personal-touch\/","title":{"rendered":"FLUID FOR CURLY HAIR \u2013 Personal Touch"},"content":{"rendered":"<p>Curl definer by Personal Touch on lokkideta, mis ei j\u00e4ta lokke, mis t\u00e4psustab ja parandab teie lokke, kaitstes samal ajal teie juukseid niiskuse ja staatilise elektri eest.<\/p>","protected":false},"excerpt":{"rendered":"<p><span class=\"jCAhz ChMk0b\"><span class=\"ryNqvb\">Curl definer by Personal Touch on lokkideta, mis ei j\u00e4ta lokke, mis t\u00e4psustab ja parandab teie lokke, kaitstes samal ajal teie juukseid niiskuse ja staatilise elektri eest.<\/span><\/span> <span class=\"jCAhz ChMk0b\"><span class=\"ryNqvb\">Aloe vera baasil on pehme tekstuur, mis annab lokkis, loomulikult lainelistele v\u00f5i p\u00fcsikutega juustele pehmuse, s\u00e4ra ja elastsuse.<\/span><\/span> <span class=\"jCAhz ChMk0b\"><span class=\"ryNqvb\">Curl Definer by Personal Touch: puudutatavate, kopsakate ja kr\u00f5mpsuvate juuste jaoks.<\/span><\/span> <span class=\"jCAhz ChMk0b\"><span class=\"ryNqvb\">200 ml pudel<\/span><\/span><\/p>\n","protected":false},"featured_media":4438,"template":"","meta":[],"product_brand":[],"product_cat":[96,95,85],"product_tag":[130],"class_list":{"0":"post-4437","1":"product","2":"type-product","3":"status-publish","4":"has-post-thumbnail","6":"product_cat-domashnyaya","7":"product_cat-professionalnaya","8":"product_cat-dlya-volos","9":"product_tag-personal-touch","11":"first","12":"outofstock","13":"shipping-taxable","14":"product-type-simple"},"_links":{"self":[{"href":"https:\/\/top-kosmetika.ee\/et\/wp-json\/wp\/v2\/product\/4437","targetHints":{"allow":["GET"]}}],"collection":[{"href":"https:\/\/top-kosmetika.ee\/et\/wp-json\/wp\/v2\/product"}],"about":[{"href":"https:\/\/top-kosmetika.ee\/et\/wp-json\/wp\/v2\/types\/product"}],"wp:featuredmedia":[{"embeddable":true,"href":"https:\/\/top-kosmetika.ee\/et\/wp-json\/wp\/v2\/media\/4438"}],"wp:attachment":[{"href":"https:\/\/top-kosmetika.ee\/et\/wp-json\/wp\/v2\/media?parent=4437"}],"wp:term":[{"taxonomy":"product_brand","embeddable":true,"href":"https:\/\/top-kosmetika.ee\/et\/wp-json\/wp\/v2\/product_brand?post=4437"},{"taxonomy":"product_cat","embeddable":true,"href":"https:\/\/top-kosmetika.ee\/et\/wp-json\/wp\/v2\/product_cat?post=4437"},{"taxonomy":"product_tag","embeddable":true,"href":"https:\/\/top-kosmetika.ee\/et\/wp-json\/wp\/v2\/product_tag?post=4437"}],"curies":[{"name":"wp","href":"https:\/\/api.w.org\/{rel}","templated":true}]}}