{"id":4435,"date":"2023-07-03T11:34:16","date_gmt":"2023-07-03T08:34:16","guid":{"rendered":"https:\/\/top-kosmetika.ee\/?post_type=product&#038;p=4435"},"modified":"2024-06-30T13:02:24","modified_gmt":"2024-06-30T10:02:24","slug":"hair-tehrapy-drops-of-light-personal-touch","status":"publish","type":"product","link":"https:\/\/top-kosmetika.ee\/et\/product\/hair-tehrapy-drops-of-light-personal-touch\/","title":{"rendered":"HAIR TEHRAPY DROPS OF LIGHT Personal Touch"},"content":{"rendered":"<p>KERGE VEDELIKRISTALLI ISIKLIKUD PUUDETILGAD hoiavad \u00e4ra ja v\u00e4hendavad otste l\u00f5henemist, andes liigsest f\u00f6\u00f6ni kasutamisest v\u00f5i keemilisest t\u00f6\u00f6tlusest kahjustatud kuivadele juusteotstele lisal\u00e4iget ja energiat.<\/p>","protected":false},"excerpt":{"rendered":"<p><span class=\"jCAhz ChMk0b\"><span class=\"ryNqvb\">KASUTUSJUHEND: kandke paar tilka p\u00e4rast \u0161ampooniga pesemist v\u00f5i iga p\u00e4ev kuivadele juustele, eriti juusteotstele, ilma loputamata.<\/span><\/span> <span class=\"jCAhz ChMk0b\"><span class=\"ryNqvb\">100 ml pudel<\/span><\/span><\/p>\n","protected":false},"featured_media":4436,"template":"","meta":[],"product_brand":[],"product_cat":[96,95,85],"product_tag":[130],"class_list":{"0":"post-4435","1":"product","2":"type-product","3":"status-publish","4":"has-post-thumbnail","6":"product_cat-domashnyaya","7":"product_cat-professionalnaya","8":"product_cat-dlya-volos","9":"product_tag-personal-touch","11":"first","12":"outofstock","13":"shipping-taxable","14":"product-type-simple"},"_links":{"self":[{"href":"https:\/\/top-kosmetika.ee\/et\/wp-json\/wp\/v2\/product\/4435","targetHints":{"allow":["GET"]}}],"collection":[{"href":"https:\/\/top-kosmetika.ee\/et\/wp-json\/wp\/v2\/product"}],"about":[{"href":"https:\/\/top-kosmetika.ee\/et\/wp-json\/wp\/v2\/types\/product"}],"wp:featuredmedia":[{"embeddable":true,"href":"https:\/\/top-kosmetika.ee\/et\/wp-json\/wp\/v2\/media\/4436"}],"wp:attachment":[{"href":"https:\/\/top-kosmetika.ee\/et\/wp-json\/wp\/v2\/media?parent=4435"}],"wp:term":[{"taxonomy":"product_brand","embeddable":true,"href":"https:\/\/top-kosmetika.ee\/et\/wp-json\/wp\/v2\/product_brand?post=4435"},{"taxonomy":"product_cat","embeddable":true,"href":"https:\/\/top-kosmetika.ee\/et\/wp-json\/wp\/v2\/product_cat?post=4435"},{"taxonomy":"product_tag","embeddable":true,"href":"https:\/\/top-kosmetika.ee\/et\/wp-json\/wp\/v2\/product_tag?post=4435"}],"curies":[{"name":"wp","href":"https:\/\/api.w.org\/{rel}","templated":true}]}}