{"id":4433,"date":"2023-07-02T19:04:25","date_gmt":"2023-07-02T16:04:25","guid":{"rendered":"https:\/\/top-kosmetika.ee\/?post_type=product&#038;p=4433"},"modified":"2024-06-30T13:03:29","modified_gmt":"2024-06-30T10:03:29","slug":"daymask-restructuring-personal-touch","status":"publish","type":"product","link":"https:\/\/top-kosmetika.ee\/et\/product\/daymask-restructuring-personal-touch\/","title":{"rendered":"DAYMASK RESTRUCTURING Personal Touch"},"content":{"rendered":"<p>DAYMASK \u2013 Restruktureeriv mask kuivadele ja afrostiilis juustele.<\/p>","protected":false},"excerpt":{"rendered":"<div class=\"lRu31\"><span class=\"HwtZe\" lang=\"et\"><span class=\"jCAhz ChMk0b\"><span class=\"ryNqvb\">See nisust ja bambus\u00fcdist ekstraheeritud peptiidide, vitamiinide ja mineraalsooladega rikastatud kreem on suurep\u00e4rane bambus\u00fcdi ja loomade platsentaravi asendaja.<\/span><\/span> <span class=\"jCAhz ChMk0b\"><span class=\"ryNqvb\">See kahjustatud juukseid taastav mask muudab need siledaks, s\u00e4ravaks ja terveks.<\/span><\/span> <span class=\"jCAhz ChMk0b\"><span class=\"ryNqvb\">See on ideaalne hooldus p\u00e4rast pleegitamist, v\u00e4rvaineid ja permi.<\/span><\/span> <span class=\"jCAhz ChMk0b\"><span class=\"ryNqvb\">1l purk<\/span><\/span><\/span><\/div>\n<div class=\"UdTY9 WdefRb\" aria-hidden=\"true\" data-location=\"2\"><\/div>\n","protected":false},"featured_media":4434,"template":"","meta":[],"product_brand":[],"product_cat":[96,95,85],"product_tag":[130],"class_list":{"0":"post-4433","1":"product","2":"type-product","3":"status-publish","4":"has-post-thumbnail","6":"product_cat-domashnyaya","7":"product_cat-professionalnaya","8":"product_cat-dlya-volos","9":"product_tag-personal-touch","11":"first","12":"outofstock","13":"shipping-taxable","14":"product-type-simple"},"_links":{"self":[{"href":"https:\/\/top-kosmetika.ee\/et\/wp-json\/wp\/v2\/product\/4433","targetHints":{"allow":["GET"]}}],"collection":[{"href":"https:\/\/top-kosmetika.ee\/et\/wp-json\/wp\/v2\/product"}],"about":[{"href":"https:\/\/top-kosmetika.ee\/et\/wp-json\/wp\/v2\/types\/product"}],"wp:featuredmedia":[{"embeddable":true,"href":"https:\/\/top-kosmetika.ee\/et\/wp-json\/wp\/v2\/media\/4434"}],"wp:attachment":[{"href":"https:\/\/top-kosmetika.ee\/et\/wp-json\/wp\/v2\/media?parent=4433"}],"wp:term":[{"taxonomy":"product_brand","embeddable":true,"href":"https:\/\/top-kosmetika.ee\/et\/wp-json\/wp\/v2\/product_brand?post=4433"},{"taxonomy":"product_cat","embeddable":true,"href":"https:\/\/top-kosmetika.ee\/et\/wp-json\/wp\/v2\/product_cat?post=4433"},{"taxonomy":"product_tag","embeddable":true,"href":"https:\/\/top-kosmetika.ee\/et\/wp-json\/wp\/v2\/product_tag?post=4433"}],"curies":[{"name":"wp","href":"https:\/\/api.w.org\/{rel}","templated":true}]}}