{"id":4431,"date":"2023-07-02T18:58:30","date_gmt":"2023-07-02T15:58:30","guid":{"rendered":"https:\/\/top-kosmetika.ee\/?post_type=product&#038;p=4431"},"modified":"2024-06-30T13:03:44","modified_gmt":"2024-06-30T10:03:44","slug":"daymask-repairing-personal-touch","status":"publish","type":"product","link":"https:\/\/top-kosmetika.ee\/et\/product\/daymask-repairing-personal-touch\/","title":{"rendered":"DAYMASK REPAIRING Personal Touch"},"content":{"rendered":"<p>DAYMASK \u2013 Taastav mask devitaliseerunud ja tuhmidele juustele.<\/p>","protected":false},"excerpt":{"rendered":"<p><span class=\"jCAhz ChMk0b\"><span class=\"ryNqvb\">T\u00e4nu piimavalkudele on see kreem suurep\u00e4rane toiteallikas igat t\u00fc\u00fcpi juustele.<\/span><\/span> <span class=\"jCAhz ChMk0b\"><span class=\"ryNqvb\">Alates esimestest kasutuskordadest muudab see teie juuksed siledaks, mahukaks ja s\u00fcgavalt eluj\u00f5uliseks.<\/span><\/span> <span class=\"jCAhz ChMk0b\"><span class=\"ryNqvb\">See on ideaalne hooldus pleegitamise, v\u00e4rvide ja permi t\u00f5ttu n\u00f5rgenenud juustele.<\/span><\/span> <span class=\"jCAhz ChMk0b\"><span class=\"ryNqvb\">1l purk<\/span><\/span><\/p>\n","protected":false},"featured_media":4432,"template":"","meta":[],"product_brand":[],"product_cat":[96,95,85],"product_tag":[130],"class_list":{"0":"post-4431","1":"product","2":"type-product","3":"status-publish","4":"has-post-thumbnail","6":"product_cat-domashnyaya","7":"product_cat-professionalnaya","8":"product_cat-dlya-volos","9":"product_tag-personal-touch","11":"first","12":"outofstock","13":"shipping-taxable","14":"product-type-simple"},"_links":{"self":[{"href":"https:\/\/top-kosmetika.ee\/et\/wp-json\/wp\/v2\/product\/4431","targetHints":{"allow":["GET"]}}],"collection":[{"href":"https:\/\/top-kosmetika.ee\/et\/wp-json\/wp\/v2\/product"}],"about":[{"href":"https:\/\/top-kosmetika.ee\/et\/wp-json\/wp\/v2\/types\/product"}],"wp:featuredmedia":[{"embeddable":true,"href":"https:\/\/top-kosmetika.ee\/et\/wp-json\/wp\/v2\/media\/4432"}],"wp:attachment":[{"href":"https:\/\/top-kosmetika.ee\/et\/wp-json\/wp\/v2\/media?parent=4431"}],"wp:term":[{"taxonomy":"product_brand","embeddable":true,"href":"https:\/\/top-kosmetika.ee\/et\/wp-json\/wp\/v2\/product_brand?post=4431"},{"taxonomy":"product_cat","embeddable":true,"href":"https:\/\/top-kosmetika.ee\/et\/wp-json\/wp\/v2\/product_cat?post=4431"},{"taxonomy":"product_tag","embeddable":true,"href":"https:\/\/top-kosmetika.ee\/et\/wp-json\/wp\/v2\/product_tag?post=4431"}],"curies":[{"name":"wp","href":"https:\/\/api.w.org\/{rel}","templated":true}]}}