{"id":4429,"date":"2023-07-02T18:52:26","date_gmt":"2023-07-02T15:52:26","guid":{"rendered":"https:\/\/top-kosmetika.ee\/?post_type=product&#038;p=4429"},"modified":"2024-06-30T13:03:56","modified_gmt":"2024-06-30T10:03:56","slug":"daymask-multiaction-personal-touch","status":"publish","type":"product","link":"https:\/\/top-kosmetika.ee\/et\/product\/daymask-multiaction-personal-touch\/","title":{"rendered":"DAYMASK MULTIACTION Personal Touch"},"content":{"rendered":"<p>DAYMASK \u2013 Multiaction mask k\u00f5ikidele juukset\u00fc\u00fcpidele \u2013 siidise efektiga.<\/p>","protected":false},"excerpt":{"rendered":"<p><span class=\"jCAhz ChMk0b\"><span class=\"ryNqvb\">See mitmetoimeline mask on kosmeetiline kreem, mis sobib ideaalselt teie juustele \u00f5ige toitmise tagamiseks.<\/span><\/span> <span class=\"jCAhz ChMk0b\"><span class=\"ryNqvb\">Selle koostises sisalduvad puuviljahapped on lihtsad loodusliku p\u00e4ritoluga biokeemilised ained, mis on saadud peamiselt puu- ja k\u00f6\u00f6giviljadest, mis parandavad selle ravi taastavat j\u00f5udu.<\/span><\/span> <span class=\"jCAhz ChMk0b\"><span class=\"ryNqvb\">Teie juuksed on siledad, l\u00e4ikivad ja kergesti kammitavad.<\/span><\/span> <span class=\"jCAhz ChMk0b\"><span class=\"ryNqvb\">M\u00f5nusat tunnet suurendab eksootiline kannatuslille l\u00f5hn.<\/span><\/span> <span class=\"jCAhz ChMk0b\"><span class=\"ryNqvb\">1 l purk<\/span><\/span><\/p>\n","protected":false},"featured_media":4430,"template":"","meta":[],"product_brand":[],"product_cat":[96,95,85],"product_tag":[130],"class_list":{"0":"post-4429","1":"product","2":"type-product","3":"status-publish","4":"has-post-thumbnail","6":"product_cat-domashnyaya","7":"product_cat-professionalnaya","8":"product_cat-dlya-volos","9":"product_tag-personal-touch","11":"first","12":"outofstock","13":"shipping-taxable","14":"product-type-simple"},"_links":{"self":[{"href":"https:\/\/top-kosmetika.ee\/et\/wp-json\/wp\/v2\/product\/4429","targetHints":{"allow":["GET"]}}],"collection":[{"href":"https:\/\/top-kosmetika.ee\/et\/wp-json\/wp\/v2\/product"}],"about":[{"href":"https:\/\/top-kosmetika.ee\/et\/wp-json\/wp\/v2\/types\/product"}],"wp:featuredmedia":[{"embeddable":true,"href":"https:\/\/top-kosmetika.ee\/et\/wp-json\/wp\/v2\/media\/4430"}],"wp:attachment":[{"href":"https:\/\/top-kosmetika.ee\/et\/wp-json\/wp\/v2\/media?parent=4429"}],"wp:term":[{"taxonomy":"product_brand","embeddable":true,"href":"https:\/\/top-kosmetika.ee\/et\/wp-json\/wp\/v2\/product_brand?post=4429"},{"taxonomy":"product_cat","embeddable":true,"href":"https:\/\/top-kosmetika.ee\/et\/wp-json\/wp\/v2\/product_cat?post=4429"},{"taxonomy":"product_tag","embeddable":true,"href":"https:\/\/top-kosmetika.ee\/et\/wp-json\/wp\/v2\/product_tag?post=4429"}],"curies":[{"name":"wp","href":"https:\/\/api.w.org\/{rel}","templated":true}]}}