{"id":4427,"date":"2023-07-02T16:14:58","date_gmt":"2023-07-02T13:14:58","guid":{"rendered":"https:\/\/top-kosmetika.ee\/?post_type=product&#038;p=4427"},"modified":"2024-06-30T13:04:09","modified_gmt":"2024-06-30T10:04:09","slug":"hair-therapy-restructuring-shampoo-personal-touch","status":"publish","type":"product","link":"https:\/\/top-kosmetika.ee\/et\/product\/hair-therapy-restructuring-shampoo-personal-touch\/","title":{"rendered":"HAIR THERAPY RESTRUCTURING SHAMPOO Personal Touch"},"content":{"rendered":"<p>PERSONAL TOUCH HAIR THERAPY RESTRUKTUURING SHAMPOO 1l on loodud kahjustatud juuste \u00f5rnaks pesemiseks, niisutades s\u00fcgavalt peanahka ja juuste struktuuri. See on t\u00f5eline ravim kuivadele, habrastele ja kannatavatele juustele. Regulaarsel kasutamisel annab see juustele elastsuse ja kaitseb neid t\u00e4nu kilet moodustavale toimele. Kuivad ja t\u00f6\u00f6deldud juuksed muutuvad eluj\u00f5uliseks, siidiseks ja vol\u00fc\u00fcmiliseks.<\/p>","protected":false},"excerpt":{"rendered":"<p>Kasutamine: kandke m\u00e4rgadele juustele. Jaotage \u00fchtlaselt ja masseerige \u00f5rnalt. Loputage p\u00f5hjalikult veega. Vajadusel korrake rakendust.<\/p>\n","protected":false},"featured_media":4428,"template":"","meta":[],"product_brand":[],"product_cat":[96,95,85],"product_tag":[130],"class_list":{"0":"post-4427","1":"product","2":"type-product","3":"status-publish","4":"has-post-thumbnail","6":"product_cat-domashnyaya","7":"product_cat-professionalnaya","8":"product_cat-dlya-volos","9":"product_tag-personal-touch","11":"first","12":"outofstock","13":"shipping-taxable","14":"product-type-simple"},"_links":{"self":[{"href":"https:\/\/top-kosmetika.ee\/et\/wp-json\/wp\/v2\/product\/4427","targetHints":{"allow":["GET"]}}],"collection":[{"href":"https:\/\/top-kosmetika.ee\/et\/wp-json\/wp\/v2\/product"}],"about":[{"href":"https:\/\/top-kosmetika.ee\/et\/wp-json\/wp\/v2\/types\/product"}],"wp:featuredmedia":[{"embeddable":true,"href":"https:\/\/top-kosmetika.ee\/et\/wp-json\/wp\/v2\/media\/4428"}],"wp:attachment":[{"href":"https:\/\/top-kosmetika.ee\/et\/wp-json\/wp\/v2\/media?parent=4427"}],"wp:term":[{"taxonomy":"product_brand","embeddable":true,"href":"https:\/\/top-kosmetika.ee\/et\/wp-json\/wp\/v2\/product_brand?post=4427"},{"taxonomy":"product_cat","embeddable":true,"href":"https:\/\/top-kosmetika.ee\/et\/wp-json\/wp\/v2\/product_cat?post=4427"},{"taxonomy":"product_tag","embeddable":true,"href":"https:\/\/top-kosmetika.ee\/et\/wp-json\/wp\/v2\/product_tag?post=4427"}],"curies":[{"name":"wp","href":"https:\/\/api.w.org\/{rel}","templated":true}]}}