{"id":4425,"date":"2023-07-02T15:35:33","date_gmt":"2023-07-02T12:35:33","guid":{"rendered":"https:\/\/top-kosmetika.ee\/?post_type=product&#038;p=4425"},"modified":"2023-07-02T15:35:33","modified_gmt":"2023-07-02T12:35:33","slug":"hair-therapy-antidandruff-shampoo-personal-touch","status":"publish","type":"product","link":"https:\/\/top-kosmetika.ee\/et\/product\/hair-therapy-antidandruff-shampoo-personal-touch\/","title":{"rendered":"HAIR THERAPY ANTIDANDRUFF SHAMPOO Personal Touch"},"content":{"rendered":"<p>PERSONAL TOUCH HAIR THERAPY ANDRUFF-VASTANE \u0160AMPOON 1l on looduslik puhastusvahend juustele ja peanahale. Regulaarsel kasutamisel normaliseerib mikroobse floora taset, v\u00e4hendades oluliselt k\u00f5\u00f5ma teket. Alates esimestest kasutuskordadest leevendab see p\u00f5letikulist seisundit ja t\u00fc\u00fcpilist s\u00fcgelust, eemaldades mustuse. See v\u00f5itleb rasu \u00fcletootmise vastu, reguleerides rasun\u00e4\u00e4rmete sekretsiooni. See annab teie juustele eluj\u00f5udu ja s\u00e4ra, muutes need pehmeks ja k\u00e4ep\u00e4raseks.<\/p>","protected":false},"excerpt":{"rendered":"<p>Kasutamine: kandke m\u00e4rgadele juustele. Jaotage \u00fchtlaselt ja masseerige \u00f5rnalt. Loputage p\u00f5hjalikult veega. Vajadusel korrake rakendust.<\/p>\n","protected":false},"featured_media":4426,"template":"","meta":[],"product_brand":[],"product_cat":[96,95,85],"product_tag":[130],"class_list":{"0":"post-4425","1":"product","2":"type-product","3":"status-publish","4":"has-post-thumbnail","6":"product_cat-domashnyaya","7":"product_cat-professionalnaya","8":"product_cat-dlya-volos","9":"product_tag-personal-touch","11":"first","12":"instock","13":"shipping-taxable","14":"purchasable","15":"product-type-simple"},"_links":{"self":[{"href":"https:\/\/top-kosmetika.ee\/et\/wp-json\/wp\/v2\/product\/4425","targetHints":{"allow":["GET"]}}],"collection":[{"href":"https:\/\/top-kosmetika.ee\/et\/wp-json\/wp\/v2\/product"}],"about":[{"href":"https:\/\/top-kosmetika.ee\/et\/wp-json\/wp\/v2\/types\/product"}],"wp:featuredmedia":[{"embeddable":true,"href":"https:\/\/top-kosmetika.ee\/et\/wp-json\/wp\/v2\/media\/4426"}],"wp:attachment":[{"href":"https:\/\/top-kosmetika.ee\/et\/wp-json\/wp\/v2\/media?parent=4425"}],"wp:term":[{"taxonomy":"product_brand","embeddable":true,"href":"https:\/\/top-kosmetika.ee\/et\/wp-json\/wp\/v2\/product_brand?post=4425"},{"taxonomy":"product_cat","embeddable":true,"href":"https:\/\/top-kosmetika.ee\/et\/wp-json\/wp\/v2\/product_cat?post=4425"},{"taxonomy":"product_tag","embeddable":true,"href":"https:\/\/top-kosmetika.ee\/et\/wp-json\/wp\/v2\/product_tag?post=4425"}],"curies":[{"name":"wp","href":"https:\/\/api.w.org\/{rel}","templated":true}]}}