{"id":4423,"date":"2023-07-02T15:25:40","date_gmt":"2023-07-02T12:25:40","guid":{"rendered":"https:\/\/top-kosmetika.ee\/?post_type=product&#038;p=4423"},"modified":"2023-07-02T15:25:41","modified_gmt":"2023-07-02T12:25:41","slug":"hair-therapy-antiloss-shampoo-personal-touch","status":"publish","type":"product","link":"https:\/\/top-kosmetika.ee\/et\/product\/hair-therapy-antiloss-shampoo-personal-touch\/","title":{"rendered":"HAIR THERAPY ANTILOSS SHAMPOO Personal Touch"},"content":{"rendered":"<p>PERSONAL TOUCH HAIR THERAPY ANTILOSS \u0160AMPOON 1l taastab peanaha loomuliku f\u00fcsioloogilise tasakaalu ja aitab kontrollida juuste v\u00e4ljalangemist<\/p>","protected":false},"excerpt":{"rendered":"<p>PERSONAL TOUCH HAIR THERAPY ANTILOSS SHAMPOO on uuritud, et s\u00e4ilitada v\u00f5i taastada kosmeetiliselt h\u00fcgieenilisi ja f\u00fcsioloogilisi seisundeid, mis v\u00e4hendavad m\u00f5ningaid k\u00f5rvalekaldeid, nagu juuste n\u00f5rkus ja v\u00e4ljalangemine. Selle uuenduslik valem on rikastatud humala, n\u00f5gese, aprikoosi ja lit\u0161i taimeekstraktidega, mis stimuleerivad ja reguleerivad juuksesibulate tegevust. Veelgi enam, t\u00e4nu asendamatute aminohapete, vitamiinide ja mineraalsoolade rikkale aaloele taastab see peanaha loomuliku f\u00fcsioloogilise tasakaalu ja aitab kontrollida juuste v\u00e4ljalangemist, soodustades regulaarset taastumist.<br \/>\nKasutamine: kandke m\u00e4rgadele juustele. Jaotage \u00fchtlaselt ja masseerige \u00f5rnalt. Loputage p\u00f5hjalikult veega. Vajadusel korrake rakendust.<\/p>\n","protected":false},"featured_media":4424,"template":"","meta":[],"product_brand":[],"product_cat":[96,95,85],"product_tag":[130],"class_list":{"0":"post-4423","1":"product","2":"type-product","3":"status-publish","4":"has-post-thumbnail","6":"product_cat-domashnyaya","7":"product_cat-professionalnaya","8":"product_cat-dlya-volos","9":"product_tag-personal-touch","11":"first","12":"instock","13":"shipping-taxable","14":"purchasable","15":"product-type-simple"},"_links":{"self":[{"href":"https:\/\/top-kosmetika.ee\/et\/wp-json\/wp\/v2\/product\/4423","targetHints":{"allow":["GET"]}}],"collection":[{"href":"https:\/\/top-kosmetika.ee\/et\/wp-json\/wp\/v2\/product"}],"about":[{"href":"https:\/\/top-kosmetika.ee\/et\/wp-json\/wp\/v2\/types\/product"}],"wp:featuredmedia":[{"embeddable":true,"href":"https:\/\/top-kosmetika.ee\/et\/wp-json\/wp\/v2\/media\/4424"}],"wp:attachment":[{"href":"https:\/\/top-kosmetika.ee\/et\/wp-json\/wp\/v2\/media?parent=4423"}],"wp:term":[{"taxonomy":"product_brand","embeddable":true,"href":"https:\/\/top-kosmetika.ee\/et\/wp-json\/wp\/v2\/product_brand?post=4423"},{"taxonomy":"product_cat","embeddable":true,"href":"https:\/\/top-kosmetika.ee\/et\/wp-json\/wp\/v2\/product_cat?post=4423"},{"taxonomy":"product_tag","embeddable":true,"href":"https:\/\/top-kosmetika.ee\/et\/wp-json\/wp\/v2\/product_tag?post=4423"}],"curies":[{"name":"wp","href":"https:\/\/api.w.org\/{rel}","templated":true}]}}