{"id":4419,"date":"2023-07-02T14:31:15","date_gmt":"2023-07-02T11:31:15","guid":{"rendered":"https:\/\/top-kosmetika.ee\/?post_type=product&#038;p=4419"},"modified":"2024-06-30T13:04:56","modified_gmt":"2024-06-30T10:04:56","slug":"supreme-fix-gel-personal-touch","status":"publish","type":"product","link":"https:\/\/top-kosmetika.ee\/et\/product\/supreme-fix-gel-personal-touch\/","title":{"rendered":"SUPREME FIX GEL Personal Touch"},"content":{"rendered":"<p>Supreme Fix Gel 500ml by Personal Touch m\u00e4\u00e4ratleb ja kujundab teie v\u00e4limust loomulikul ja kauakestval viisil, see muudab teie juuksed s\u00e4rtsaks ja energiat t\u00e4is, ilma n\u00e4htavate j\u00e4\u00e4kideta.<\/p>","protected":false},"excerpt":{"rendered":"<p>Kuidas seda kasutada: levitage v\u00e4ike kogus toodet k\u00e4tesse ja kandke m\u00e4rgadele v\u00f5i kuivadele juustele.<\/p>\n","protected":false},"featured_media":4422,"template":"","meta":[],"product_brand":[],"product_cat":[96,95,85],"product_tag":[130],"class_list":{"0":"post-4419","1":"product","2":"type-product","3":"status-publish","4":"has-post-thumbnail","6":"product_cat-domashnyaya","7":"product_cat-professionalnaya","8":"product_cat-dlya-volos","9":"product_tag-personal-touch","11":"first","12":"instock","13":"sale","14":"shipping-taxable","15":"purchasable","16":"product-type-simple"},"_links":{"self":[{"href":"https:\/\/top-kosmetika.ee\/et\/wp-json\/wp\/v2\/product\/4419","targetHints":{"allow":["GET"]}}],"collection":[{"href":"https:\/\/top-kosmetika.ee\/et\/wp-json\/wp\/v2\/product"}],"about":[{"href":"https:\/\/top-kosmetika.ee\/et\/wp-json\/wp\/v2\/types\/product"}],"wp:featuredmedia":[{"embeddable":true,"href":"https:\/\/top-kosmetika.ee\/et\/wp-json\/wp\/v2\/media\/4422"}],"wp:attachment":[{"href":"https:\/\/top-kosmetika.ee\/et\/wp-json\/wp\/v2\/media?parent=4419"}],"wp:term":[{"taxonomy":"product_brand","embeddable":true,"href":"https:\/\/top-kosmetika.ee\/et\/wp-json\/wp\/v2\/product_brand?post=4419"},{"taxonomy":"product_cat","embeddable":true,"href":"https:\/\/top-kosmetika.ee\/et\/wp-json\/wp\/v2\/product_cat?post=4419"},{"taxonomy":"product_tag","embeddable":true,"href":"https:\/\/top-kosmetika.ee\/et\/wp-json\/wp\/v2\/product_tag?post=4419"}],"curies":[{"name":"wp","href":"https:\/\/api.w.org\/{rel}","templated":true}]}}