{"id":4416,"date":"2023-07-02T14:07:36","date_gmt":"2023-07-02T11:07:36","guid":{"rendered":"https:\/\/top-kosmetika.ee\/?post_type=product&#038;p=4416"},"modified":"2024-06-30T13:04:23","modified_gmt":"2024-06-30T10:04:23","slug":"hair-therapy-sea-salt-spray-personal-touch","status":"publish","type":"product","link":"https:\/\/top-kosmetika.ee\/et\/product\/hair-therapy-sea-salt-spray-personal-touch\/","title":{"rendered":"HAIR THERAPY SEA SALT SPRAY Personal Touch"},"content":{"rendered":"<p>Personal Touch Hair Therapy SEASOOLA on tekstureeriv ja vol\u00fc\u00fcmi andev soolasprei , mis v\u00f5imaldab teil luua pehmeid ja looduslikke laineid, v\u00e4hendades rabedat efekti. Tulemus on kohene, justkui oleksite rannas. Meresoola olemasolu annab teie juustele konsistentsi ja m\u00e4\u00e4ratluse, valem sisaldab ka \u00f5lle p\u00e4rmiekstrakti ja terasid v\u00f5ra tugevdamiseks ja paksendamiseks.<\/p>\n<p>&nbsp;<\/p>","protected":false},"excerpt":{"rendered":"<p>Personal Touch Hair Therapy SEASOOLA on tekstureeriv ja vol\u00fc\u00fcmi andev soolasprei , mis v\u00f5imaldab teil luua pehmeid ja looduslikke laineid, v\u00e4hendades rabedat efekti. Tulemus on kohene, justkui oleksite rannas. Meresoola olemasolu annab teie juustele konsistentsi ja m\u00e4\u00e4ratluse, valem sisaldab ka \u00f5lle p\u00e4rmiekstrakti ja terasid v\u00f5ra tugevdamiseks ja paksendamiseks. &nbsp;<\/p>\n","protected":false},"featured_media":4417,"template":"","meta":[],"product_brand":[],"product_cat":[96,95,85],"product_tag":[130],"class_list":{"0":"post-4416","1":"product","2":"type-product","3":"status-publish","4":"has-post-thumbnail","6":"product_cat-domashnyaya","7":"product_cat-professionalnaya","8":"product_cat-dlya-volos","9":"product_tag-personal-touch","11":"first","12":"outofstock","13":"shipping-taxable","14":"product-type-simple"},"_links":{"self":[{"href":"https:\/\/top-kosmetika.ee\/et\/wp-json\/wp\/v2\/product\/4416","targetHints":{"allow":["GET"]}}],"collection":[{"href":"https:\/\/top-kosmetika.ee\/et\/wp-json\/wp\/v2\/product"}],"about":[{"href":"https:\/\/top-kosmetika.ee\/et\/wp-json\/wp\/v2\/types\/product"}],"wp:featuredmedia":[{"embeddable":true,"href":"https:\/\/top-kosmetika.ee\/et\/wp-json\/wp\/v2\/media\/4417"}],"wp:attachment":[{"href":"https:\/\/top-kosmetika.ee\/et\/wp-json\/wp\/v2\/media?parent=4416"}],"wp:term":[{"taxonomy":"product_brand","embeddable":true,"href":"https:\/\/top-kosmetika.ee\/et\/wp-json\/wp\/v2\/product_brand?post=4416"},{"taxonomy":"product_cat","embeddable":true,"href":"https:\/\/top-kosmetika.ee\/et\/wp-json\/wp\/v2\/product_cat?post=4416"},{"taxonomy":"product_tag","embeddable":true,"href":"https:\/\/top-kosmetika.ee\/et\/wp-json\/wp\/v2\/product_tag?post=4416"}],"curies":[{"name":"wp","href":"https:\/\/api.w.org\/{rel}","templated":true}]}}