{"id":4388,"date":"2022-05-11T10:56:13","date_gmt":"2022-05-11T07:56:13","guid":{"rendered":"https:\/\/top-kosmetika.ee\/?post_type=product&#038;p=4388"},"modified":"2024-11-09T17:17:24","modified_gmt":"2024-11-09T14:17:24","slug":"ronney-kids-on-tour-to-japan-cherry-blossom-2in1-gel","status":"publish","type":"product","link":"https:\/\/top-kosmetika.ee\/et\/product\/ronney-kids-on-tour-to-japan-cherry-blossom-2in1-gel\/","title":{"rendered":"RONNEY KIDS ON TOUR TO JAPAN CHERRY BLOSSOM 2IN1 GEL"},"content":{"rendered":"<p>RONNEY CHERRY BLOSSOM 2IN1 JUUKSE\u0160AMPOON JA DU\u0160IGEEL 300 ML<\/p>","protected":false},"excerpt":{"rendered":"<p>Jaapani kirsiga maitsestatud tarretis. Puhastab \u00f5rnalt ja hooldab tundlikku nahka. Sisaldab vitamiine C, A, E. Kasutamine: kandke geel m\u00e4rgadele k\u00e4tele ja masseerige \u00f5rnalt nahka ja juustesse. Seej\u00e4rel loputage hoolikalt. Vajadusel korrake. Ettevaatust: mitte alla neelata. Silma sattumisel loputada koheselt rohke veega. Sobib lastele alates 3 eluaastast.<\/p>\n","protected":false},"featured_media":4389,"template":"","meta":[],"product_brand":[],"product_cat":[129,96],"product_tag":[104],"class_list":{"0":"post-4388","1":"product","2":"type-product","3":"status-publish","4":"has-post-thumbnail","6":"product_cat-dlya-detej","7":"product_cat-domashnyaya","8":"product_tag-ronney","10":"first","11":"outofstock","12":"shipping-taxable","13":"product-type-simple"},"_links":{"self":[{"href":"https:\/\/top-kosmetika.ee\/et\/wp-json\/wp\/v2\/product\/4388","targetHints":{"allow":["GET"]}}],"collection":[{"href":"https:\/\/top-kosmetika.ee\/et\/wp-json\/wp\/v2\/product"}],"about":[{"href":"https:\/\/top-kosmetika.ee\/et\/wp-json\/wp\/v2\/types\/product"}],"wp:featuredmedia":[{"embeddable":true,"href":"https:\/\/top-kosmetika.ee\/et\/wp-json\/wp\/v2\/media\/4389"}],"wp:attachment":[{"href":"https:\/\/top-kosmetika.ee\/et\/wp-json\/wp\/v2\/media?parent=4388"}],"wp:term":[{"taxonomy":"product_brand","embeddable":true,"href":"https:\/\/top-kosmetika.ee\/et\/wp-json\/wp\/v2\/product_brand?post=4388"},{"taxonomy":"product_cat","embeddable":true,"href":"https:\/\/top-kosmetika.ee\/et\/wp-json\/wp\/v2\/product_cat?post=4388"},{"taxonomy":"product_tag","embeddable":true,"href":"https:\/\/top-kosmetika.ee\/et\/wp-json\/wp\/v2\/product_tag?post=4388"}],"curies":[{"name":"wp","href":"https:\/\/api.w.org\/{rel}","templated":true}]}}