{"id":4378,"date":"2022-05-10T18:05:06","date_gmt":"2022-05-10T15:05:06","guid":{"rendered":"https:\/\/top-kosmetika.ee\/?post_type=product&#038;p=4378"},"modified":"2024-06-30T13:06:31","modified_gmt":"2024-06-30T10:06:31","slug":"ronney-silk-sleek-shampoo-smoothing","status":"publish","type":"product","link":"https:\/\/top-kosmetika.ee\/et\/product\/ronney-silk-sleek-shampoo-smoothing\/","title":{"rendered":"RONNEY SILK SLEEK SHAMPOO SMOOTHING"},"content":{"rendered":"<p>siidiga \u0161ampoon, siluva toimega<\/p>","protected":false},"excerpt":{"rendered":"<p>Siidiga \u0161ampoon on m\u00f5eldud peamiselt kahjustatud juuste v\u00f5i juuste hooldamiseks p\u00e4rast v\u00e4rvimist. T\u00e4nu suurele siidiproteiinide sisaldusele toidab see juukseid intensiivselt kuni otsteni, andes neile s\u00e4ra ja pehmuse.<\/p>\n<p>Annab juustele t\u00e4iusliku sileduse ja elastsuse. Niisutab tugevalt peanahka ja juukseid. Ideaalne sagedaseks kasutamiseks. Juuksed muutuvad tugevaks, pehmeks ja kaunilt l\u00e4ikivaks.<\/p>\n<p>300 ml<\/p>\n<p>1000 ml<\/p>\n","protected":false},"featured_media":4379,"template":"","meta":[],"product_brand":[],"product_cat":[96,95,84,85],"product_tag":[104],"class_list":{"0":"post-4378","1":"product","2":"type-product","3":"status-publish","4":"has-post-thumbnail","6":"product_cat-domashnyaya","7":"product_cat-professionalnaya","8":"product_cat-novinki","9":"product_cat-dlya-volos","10":"product_tag-ronney","12":"first","13":"outofstock","14":"shipping-taxable","15":"product-type-simple"},"_links":{"self":[{"href":"https:\/\/top-kosmetika.ee\/et\/wp-json\/wp\/v2\/product\/4378","targetHints":{"allow":["GET"]}}],"collection":[{"href":"https:\/\/top-kosmetika.ee\/et\/wp-json\/wp\/v2\/product"}],"about":[{"href":"https:\/\/top-kosmetika.ee\/et\/wp-json\/wp\/v2\/types\/product"}],"wp:featuredmedia":[{"embeddable":true,"href":"https:\/\/top-kosmetika.ee\/et\/wp-json\/wp\/v2\/media\/4379"}],"wp:attachment":[{"href":"https:\/\/top-kosmetika.ee\/et\/wp-json\/wp\/v2\/media?parent=4378"}],"wp:term":[{"taxonomy":"product_brand","embeddable":true,"href":"https:\/\/top-kosmetika.ee\/et\/wp-json\/wp\/v2\/product_brand?post=4378"},{"taxonomy":"product_cat","embeddable":true,"href":"https:\/\/top-kosmetika.ee\/et\/wp-json\/wp\/v2\/product_cat?post=4378"},{"taxonomy":"product_tag","embeddable":true,"href":"https:\/\/top-kosmetika.ee\/et\/wp-json\/wp\/v2\/product_tag?post=4378"}],"curies":[{"name":"wp","href":"https:\/\/api.w.org\/{rel}","templated":true}]}}