{"id":4370,"date":"2022-05-10T14:52:29","date_gmt":"2022-05-10T11:52:29","guid":{"rendered":"https:\/\/top-kosmetika.ee\/?post_type=product&#038;p=4370"},"modified":"2024-06-30T13:06:18","modified_gmt":"2024-06-30T10:06:18","slug":"ronney-color-repair-mask-uv-protection","status":"publish","type":"product","link":"https:\/\/top-kosmetika.ee\/et\/product\/ronney-color-repair-mask-uv-protection\/","title":{"rendered":"Ronney Color Repair mask UV Protection"},"content":{"rendered":"<p>UV-filtriga mask v\u00e4rvitud juustele<\/p>","protected":false},"excerpt":{"rendered":"<p>Loodud teie juuksev\u00e4rvi kaitsmiseks ja tervena hoidmiseks, kaitseb see teie v\u00e4rvi kahjustuste, pleekimise ja pinnakao eest. See toidab juukseid p\u00e4rast v\u00e4rvimist, muutes need siidiseks ja l\u00e4ikivaks. Sulle meeldib, kui siledad ja l\u00e4ikivad on su juuksed p\u00e4rast kasutamist!<\/p>\n<p>&#8211; Kaitseb ja pikendab juuksev\u00e4rvi.<br \/>\n&#8211; Toidab juukseid p\u00e4rast v\u00e4rvimist<br \/>\n&#8211; Muudab juuksed siledaks ja l\u00e4ikivaks<br \/>\n&#8211; Kaitseb juukseid p\u00e4ikese kahjulike m\u00f5jude eest<\/p>\n<p>300 ml 3,50 euro<\/p>\n<p>1000 ml 4.90 euro<\/p>\n","protected":false},"featured_media":4371,"template":"","meta":[],"product_brand":[],"product_cat":[96,95,85],"product_tag":[104],"class_list":{"0":"post-4370","1":"product","2":"type-product","3":"status-publish","4":"has-post-thumbnail","6":"product_cat-domashnyaya","7":"product_cat-professionalnaya","8":"product_cat-dlya-volos","9":"product_tag-ronney","11":"first","12":"outofstock","13":"shipping-taxable","14":"product-type-simple"},"_links":{"self":[{"href":"https:\/\/top-kosmetika.ee\/et\/wp-json\/wp\/v2\/product\/4370","targetHints":{"allow":["GET"]}}],"collection":[{"href":"https:\/\/top-kosmetika.ee\/et\/wp-json\/wp\/v2\/product"}],"about":[{"href":"https:\/\/top-kosmetika.ee\/et\/wp-json\/wp\/v2\/types\/product"}],"wp:featuredmedia":[{"embeddable":true,"href":"https:\/\/top-kosmetika.ee\/et\/wp-json\/wp\/v2\/media\/4371"}],"wp:attachment":[{"href":"https:\/\/top-kosmetika.ee\/et\/wp-json\/wp\/v2\/media?parent=4370"}],"wp:term":[{"taxonomy":"product_brand","embeddable":true,"href":"https:\/\/top-kosmetika.ee\/et\/wp-json\/wp\/v2\/product_brand?post=4370"},{"taxonomy":"product_cat","embeddable":true,"href":"https:\/\/top-kosmetika.ee\/et\/wp-json\/wp\/v2\/product_cat?post=4370"},{"taxonomy":"product_tag","embeddable":true,"href":"https:\/\/top-kosmetika.ee\/et\/wp-json\/wp\/v2\/product_tag?post=4370"}],"curies":[{"name":"wp","href":"https:\/\/api.w.org\/{rel}","templated":true}]}}