{"id":4291,"date":"2020-11-20T13:56:44","date_gmt":"2020-11-20T10:56:44","guid":{"rendered":"https:\/\/top-kosmetika.ee\/?post_type=product&#038;p=4291"},"modified":"2021-02-04T20:58:22","modified_gmt":"2021-02-04T17:58:22","slug":"prosalon-botox-therapy-komplektshampun-maska-sprej","status":"publish","type":"product","link":"https:\/\/top-kosmetika.ee\/et\/product\/prosalon-botox-therapy-komplektshampun-maska-sprej\/","title":{"rendered":"Prosalon, Botox therapy, komplekt (\u0161ampoon, mask, pihusti)"},"content":{"rendered":"<p><strong>Prosalon Botox Therapy + h\u00fcaluroonikompleks 3 komponenti.<\/strong><\/p>\n<p><em>Hind kokku kolmele esemele<\/em><\/p>\n<ol>\n<li>\u0161ampoon 1 liiter<\/li>\n<li>mask 1 liiter<\/li>\n<li>spray 275 g<\/li>\n<\/ol>\n<p>* \u0160ampoon ei sisalda sulfaate<\/p>\n<p>&nbsp;<\/p>","protected":false},"excerpt":{"rendered":"<div class=\"elementor-element elementor-element-69a9be0 elementor-widget elementor-widget-heading\" data-id=\"69a9be0\" data-element_type=\"widget\" data-widget_type=\"heading.default\">\n<div class=\"elementor-widget-container\">\n<h4 class=\"elementor-heading-title elementor-size-default\">Vananemisvastane \u0161ampoon<\/h4>\n<ul>\n<li class=\"elementor-heading-title elementor-size-default\"><span style=\"font-family: arial, helvetica, sans-serif;\">\u0160ampoon on valmistatud siledaks keskmistest kuni v\u00e4ga poorseteks juusteks. R\u00fchm koostisosi, mis sisaldavad aminohappeid, t\u00e4idavad, rekonstrueerivad juuste struktuuri, parandavad defekte ning hoiavad \u00e4ra juuste purunemise ja kahjustumise. H\u00fcaluroonhape s\u00e4ilitab tervete juuste jaoks vajaliku niiskustaseme.<\/span><\/li>\n<\/ul>\n<\/div>\n<\/div>\n<section class=\"elementor-section elementor-inner-section elementor-element elementor-element-d7b06b9 elementor-section-boxed elementor-section-height-default elementor-section-height-default\" data-id=\"d7b06b9\" data-element_type=\"section\">\n<div class=\"elementor-container elementor-column-gap-default\">\n<div class=\"elementor-row\">\n<div class=\"elementor-column elementor-col-50 elementor-inner-column elementor-element elementor-element-736c4b9\" data-id=\"736c4b9\" data-element_type=\"column\">\n<div class=\"elementor-column-wrap elementor-element-populated\">\n<div class=\"elementor-widget-wrap\">\n<div class=\"elementor-element elementor-element-d0098ee elementor-widget elementor-widget-image\" data-id=\"d0098ee\" data-element_type=\"widget\" data-widget_type=\"image.default\">\n<div class=\"elementor-widget-container\">\n<h4 class=\"elementor-heading-title elementor-size-default\">Vananemisvastane mask<\/h4>\n<ul>\n<li id=\"E2257\" class=\"qowt-li-19_0 qowt-list qowt-stl-Akapitzlist\">T\u00e4iendab juuste siledust ja paksust<\/li>\n<li id=\"E2286\" class=\"qowt-li-19_0 qowt-list qowt-stl-Akapitzlist\">Rikas pol\u00fcfenoolide ning antioks\u00fcdantide hulka kuuluvate A-, E- ja B-vitamiinide sisaldusega Tsubaki \u00f5li hoiab \u00e4ra peanaha ja juuste vananemise.<\/li>\n<li id=\"E2335\" class=\"qowt-li-19_0 qowt-list qowt-stl-Akapitzlist\">aminokompleks t\u00e4idab \u00f5\u00f5nsusi<\/li>\n<li id=\"E2388\" class=\"qowt-li-19_0 qowt-list qowt-stl-Akapitzlist\">H\u00fcaluroonhape hoiab niiskustaset<\/li>\n<\/ul>\n<p><strong>Kaitsev, pinguldav pihusti<\/strong><\/p>\n<ul>\n<li id=\"E2741\" class=\"qowt-li-21_0 qowt-list qowt-stl-Akapitzlist\">Poorseid juukselakke saab kasutada niisketele v\u00f5i kuivadele juustele.<\/li>\n<li id=\"E2787\" class=\"qowt-li-21_0 qowt-list qowt-stl-Akapitzlist\">H\u00fcaluroonhape aitab juukseid kogu p\u00e4eva jooksul niisutada<\/li>\n<li id=\"E2844\" class=\"qowt-li-21_0 qowt-list qowt-stl-Akapitzlist\">Tsubaki \u00f5li silub ja puhastab l\u00f5henenud otsi ning kaitseb juukseid v\u00e4lism\u00f5jude eest.<\/li>\n<li id=\"E2898\" class=\"qowt-li-21_0 qowt-list qowt-stl-Akapitzlist\">Ultraviolettfilter kaitseb v\u00e4rvi m\u00e4\u00e4rdumise eest.<\/li>\n<li class=\"qowt-li-21_0 qowt-list qowt-stl-Akapitzlist\">Juuksed on kergesti kammitavad, ei sassis ja pihustustekstuur ei kleepu ega m\u00e4\u00e4ri juukseid.<\/li>\n<\/ul>\n<p>&nbsp;<\/p>\n<\/div>\n<\/div>\n<\/div>\n<\/div>\n<\/div>\n<div class=\"elementor-column elementor-col-50 elementor-inner-column elementor-element elementor-element-53fde5e\" data-id=\"53fde5e\" data-element_type=\"column\">\n<div class=\"elementor-column-wrap elementor-element-populated\">\n<div class=\"elementor-widget-wrap\">\n<div class=\"elementor-element elementor-element-a42fe24 elementor-widget elementor-widget-text-editor\" data-id=\"a42fe24\" data-element_type=\"widget\" data-widget_type=\"text-editor.default\">\n<div class=\"elementor-widget-container\">\n<div class=\"elementor-text-editor elementor-clearfix\">\n<div class=\"text_detail\">\n<p>&nbsp;<\/p>\n<\/div>\n<\/div>\n<\/div>\n<\/div>\n<\/div>\n<\/div>\n<\/div>\n<\/div>\n<\/div>\n<\/section>\n","protected":false},"featured_media":4293,"template":"","meta":[],"product_brand":[],"product_cat":[96,95,85],"product_tag":[109,92,107,118,108,117,106],"class_list":{"0":"post-4291","1":"product","2":"type-product","3":"status-publish","4":"has-post-thumbnail","6":"product_cat-domashnyaya","7":"product_cat-professionalnaya","8":"product_cat-dlya-volos","9":"product_tag-juuksemask","10":"product_tag-prosalon","11":"product_tag-sampoon","12":"product_tag-spray","13":"product_tag-maska","14":"product_tag-sprej","15":"product_tag-shampun","17":"first","18":"outofstock","19":"shipping-taxable","20":"product-type-simple"},"_links":{"self":[{"href":"https:\/\/top-kosmetika.ee\/et\/wp-json\/wp\/v2\/product\/4291","targetHints":{"allow":["GET"]}}],"collection":[{"href":"https:\/\/top-kosmetika.ee\/et\/wp-json\/wp\/v2\/product"}],"about":[{"href":"https:\/\/top-kosmetika.ee\/et\/wp-json\/wp\/v2\/types\/product"}],"wp:featuredmedia":[{"embeddable":true,"href":"https:\/\/top-kosmetika.ee\/et\/wp-json\/wp\/v2\/media\/4293"}],"wp:attachment":[{"href":"https:\/\/top-kosmetika.ee\/et\/wp-json\/wp\/v2\/media?parent=4291"}],"wp:term":[{"taxonomy":"product_brand","embeddable":true,"href":"https:\/\/top-kosmetika.ee\/et\/wp-json\/wp\/v2\/product_brand?post=4291"},{"taxonomy":"product_cat","embeddable":true,"href":"https:\/\/top-kosmetika.ee\/et\/wp-json\/wp\/v2\/product_cat?post=4291"},{"taxonomy":"product_tag","embeddable":true,"href":"https:\/\/top-kosmetika.ee\/et\/wp-json\/wp\/v2\/product_tag?post=4291"}],"curies":[{"name":"wp","href":"https:\/\/api.w.org\/{rel}","templated":true}]}}