{"id":4260,"date":"2020-11-05T22:13:56","date_gmt":"2020-11-05T19:13:56","guid":{"rendered":"https:\/\/top-kosmetika.ee\/?post_type=product&#038;p=4260"},"modified":"2023-07-02T19:55:18","modified_gmt":"2023-07-02T16:55:18","slug":"ronney-macadamia-oil-maska","status":"publish","type":"product","link":"https:\/\/top-kosmetika.ee\/et\/product\/ronney-macadamia-oil-maska\/","title":{"rendered":"Ronney, Macadamia oil, juuksemask"},"content":{"rendered":"<p><strong>Toniseeriv mask<\/strong><\/p>\n<p><strong>1 liiter<\/strong><\/p>\n<p>* Kasutamine: kandke v\u00e4ike osa maskist niisketele juustele, eelnevalt pestud sarja \u0161ampooniga, hoidke 5 minutit (suurema efekti saavutamiseks kammige juukseid kammiga)<\/p>\n<p>*Koostis: vesi, tsetear\u00fc\u00fclalkohol, tetrimooniumkloriid, ts\u00fcklopentasiloksaan, et\u00fc\u00fclheks\u00fc\u00fclpalmitaat, makadaamia integrifooliaseemne\u00f5li, DMDM h\u00fcdantoiin, parfum, bens\u00fc\u00fclbensoatsetear\u00fc\u00fclalkohol, tetrimooniumkloriid, ts\u00fcklopentasiloksaan, et\u00fc\u00fclheks\u00fc\u00fclpalmitaat, makadaamia integrifooliaseemne\u00f5li, DMDM h\u00fcdantoiin, parfum, bens\u00fc\u00fclbensoaat, gl\u00fctser\u00fc\u00fclstearaat, dimetikoon, sidrunhapeat, gl\u00fctser\u00fc\u00fclstearaat, dimetikoon, sidrunhape<\/p>","protected":false},"excerpt":{"rendered":"<p>Tihendav mask Macadamia p\u00e4hkli\u00f5liga niisutamiseks. Selle koostisesse kuuluv \u00f5li kaitseb t\u00e4nu makadaamiap\u00e4hklite omadustele v\u00e4liste kahjulike tegurite eest. \u00d5li ainulaadsus seisneb ka selles, et see uuendab peanahka: see imendub kergesti, pehmendab ja eemaldab kuivuse. Maski kreemjas tekstuur ei kleepu juukseid, vaid pehmendab neid ja annab neile terve s\u00e4ra.<\/p>\n","protected":false},"featured_media":0,"template":"","meta":[],"product_brand":[],"product_cat":[96,95,85],"product_tag":[109,104,108],"class_list":{"0":"post-4260","1":"product","2":"type-product","3":"status-publish","5":"product_cat-domashnyaya","6":"product_cat-professionalnaya","7":"product_cat-dlya-volos","8":"product_tag-juuksemask","9":"product_tag-ronney","10":"product_tag-maska","12":"first","13":"outofstock","14":"shipping-taxable","15":"purchasable","16":"product-type-simple"},"_links":{"self":[{"href":"https:\/\/top-kosmetika.ee\/et\/wp-json\/wp\/v2\/product\/4260","targetHints":{"allow":["GET"]}}],"collection":[{"href":"https:\/\/top-kosmetika.ee\/et\/wp-json\/wp\/v2\/product"}],"about":[{"href":"https:\/\/top-kosmetika.ee\/et\/wp-json\/wp\/v2\/types\/product"}],"wp:attachment":[{"href":"https:\/\/top-kosmetika.ee\/et\/wp-json\/wp\/v2\/media?parent=4260"}],"wp:term":[{"taxonomy":"product_brand","embeddable":true,"href":"https:\/\/top-kosmetika.ee\/et\/wp-json\/wp\/v2\/product_brand?post=4260"},{"taxonomy":"product_cat","embeddable":true,"href":"https:\/\/top-kosmetika.ee\/et\/wp-json\/wp\/v2\/product_cat?post=4260"},{"taxonomy":"product_tag","embeddable":true,"href":"https:\/\/top-kosmetika.ee\/et\/wp-json\/wp\/v2\/product_tag?post=4260"}],"curies":[{"name":"wp","href":"https:\/\/api.w.org\/{rel}","templated":true}]}}