{"id":4258,"date":"2020-11-05T20:48:21","date_gmt":"2020-11-05T17:48:21","guid":{"rendered":"https:\/\/top-kosmetika.ee\/?post_type=product&#038;p=4258"},"modified":"2023-01-13T13:19:56","modified_gmt":"2023-01-13T10:19:56","slug":"ronney-macadamia-oil-shampun","status":"publish","type":"product","link":"https:\/\/top-kosmetika.ee\/et\/product\/ronney-macadamia-oil-shampun\/","title":{"rendered":"Ronney, Macadamia oil, \u0161ampoon"},"content":{"rendered":"<p><strong>Toniseeriv \u0161ampooni<\/strong><\/p>\n<p><strong>1 liiter<\/strong><\/p>\n<p>* Kuidas kasutada: Kanna v\u00e4ike kogus \u0161ampooni niisketele juustele, massaa\u017ei minut v\u00f5i paar ja loputa hoolikalt sooja veega.<\/p>\n<p>* Koostis: vesi, naatriumlaureetsulfaat, naatriumkloriid, kokamiididea, makadaamia integrifooliaseemne\u00f5li, naatriumlaur\u00fc\u00fclgl\u00fckoosikarboks\u00fclaat, kokamidoprop\u00fc\u00fclbutaiin, naatriumkoko\u00fc\u00fclglutamaat, parfum, bens\u00fc\u00fclbensoaat, gl\u00fctseriin, naatriumkookoamfoatsetaat, laur\u00fc\u00fclgl\u00fckosiid, tetras naatrium EDTA, sidrunhape 7 , met\u00fc\u00fclkloroisotiasolinoon, met\u00fc\u00fclisotiasolinoon<\/p>","protected":false},"excerpt":{"rendered":"<p>Tugevdav \u0161ampoon Macadamia p\u00e4hkli\u00f5liga niisutamiseks. \u0160ampoon puhastab juukseid ja selles sisalduv \u00f5li kaitseb t\u00e4nu makadaamiap\u00e4hklite omadustele v\u00e4liste kahjulike tegurite eest. \u00d5li ainulaadsus seisneb ka selles, et see uuendab peanahka: see imendub kergesti, pehmendab ja eemaldab kuivuse.<\/p>\n","protected":false},"featured_media":4259,"template":"","meta":[],"product_brand":[],"product_cat":[96,95,85],"product_tag":[104,107,106],"class_list":{"0":"post-4258","1":"product","2":"type-product","3":"status-publish","4":"has-post-thumbnail","6":"product_cat-domashnyaya","7":"product_cat-professionalnaya","8":"product_cat-dlya-volos","9":"product_tag-ronney","10":"product_tag-sampoon","11":"product_tag-shampun","13":"first","14":"outofstock","15":"shipping-taxable","16":"purchasable","17":"product-type-simple"},"_links":{"self":[{"href":"https:\/\/top-kosmetika.ee\/et\/wp-json\/wp\/v2\/product\/4258","targetHints":{"allow":["GET"]}}],"collection":[{"href":"https:\/\/top-kosmetika.ee\/et\/wp-json\/wp\/v2\/product"}],"about":[{"href":"https:\/\/top-kosmetika.ee\/et\/wp-json\/wp\/v2\/types\/product"}],"wp:featuredmedia":[{"embeddable":true,"href":"https:\/\/top-kosmetika.ee\/et\/wp-json\/wp\/v2\/media\/4259"}],"wp:attachment":[{"href":"https:\/\/top-kosmetika.ee\/et\/wp-json\/wp\/v2\/media?parent=4258"}],"wp:term":[{"taxonomy":"product_brand","embeddable":true,"href":"https:\/\/top-kosmetika.ee\/et\/wp-json\/wp\/v2\/product_brand?post=4258"},{"taxonomy":"product_cat","embeddable":true,"href":"https:\/\/top-kosmetika.ee\/et\/wp-json\/wp\/v2\/product_cat?post=4258"},{"taxonomy":"product_tag","embeddable":true,"href":"https:\/\/top-kosmetika.ee\/et\/wp-json\/wp\/v2\/product_tag?post=4258"}],"curies":[{"name":"wp","href":"https:\/\/api.w.org\/{rel}","templated":true}]}}