{"id":4254,"date":"2020-11-04T15:52:21","date_gmt":"2020-11-04T12:52:21","guid":{"rendered":"https:\/\/top-kosmetika.ee\/?post_type=product&#038;p=4254"},"modified":"2024-06-30T13:07:58","modified_gmt":"2024-06-30T10:07:58","slug":"ronney-keratin-complex-shampun","status":"publish","type":"product","link":"https:\/\/top-kosmetika.ee\/et\/product\/ronney-keratin-complex-shampun\/","title":{"rendered":"Ronney, Keratin Complex, \u0161ampoon"},"content":{"rendered":"<p><strong>Taastav \u0161ampoon<\/strong><\/p>\n<p><strong>1 liiter<\/strong><\/p>\n<p>* Kuidas kasutada: Kanna v\u00e4ike kogus \u0161ampooni niisketele juustele, massaa\u017ei minut v\u00f5i paar ja loputa hoolikalt sooja veega.<\/p>\n<p>* Koostis: vesi, naatriumlaureetsulfaat, naatriumkloriid, keratiini aminohapped, kookamiiddea, kokamidoprop\u00fc\u00fclbetaiin, parf\u00fc\u00fcm, gl\u00fctseriin, naatriumkookoamfoatsetaat, naatriumkooko\u00fc\u00fclglutamaat, laur\u00fc\u00fclgl\u00fckosiid, laur\u00fc\u00fclgl\u00fckoosikarboks\u00fclaat, h\u00fcdroks\u00fc\u00fclkloriidi tetranaatriumhape, pol\u00fcklorokolatiin , met\u00fc\u00fclklorisolinoon, met\u00fc\u00fclklorisolinoon<\/p>\n<p>&nbsp;<\/p>\n<p>&nbsp;<\/p>","protected":false},"excerpt":{"rendered":"<p>Keratiinikompleksiga \u0161ampoon on m\u00f5eldud eelk\u00f5ige habrastele juustele, sest Kui paljud juuksetooted t\u00f6\u00f6tavad juuste pinnal, siis keratiini molekul tungib s\u00fcgavale juustesse ja parandab neid seestpoolt. Korduv kasutamine muudab teie juuksed siledamaks, siledamaks ja paremini hallatavaks. Keratiin t\u00e4idab juukseid ja silub l\u00f5henenud otsad.<\/p>\n<p>* Keratiin on fibrillaarne valk, mis on naha, juuste, k\u00fc\u00fcnte sarvkihi peamine struktuurne &#8220;materjal&#8221;. Terved inimese juuksed sisaldavad 78% keratiini. (ka juustes, vees, pigmendis ja lipiidides)<\/p>\n","protected":false},"featured_media":4255,"template":"","meta":[],"product_brand":[],"product_cat":[96,95,85],"product_tag":[104,107,106],"class_list":{"0":"post-4254","1":"product","2":"type-product","3":"status-publish","4":"has-post-thumbnail","6":"product_cat-domashnyaya","7":"product_cat-professionalnaya","8":"product_cat-dlya-volos","9":"product_tag-ronney","10":"product_tag-sampoon","11":"product_tag-shampun","13":"first","14":"outofstock","15":"shipping-taxable","16":"product-type-simple"},"_links":{"self":[{"href":"https:\/\/top-kosmetika.ee\/et\/wp-json\/wp\/v2\/product\/4254","targetHints":{"allow":["GET"]}}],"collection":[{"href":"https:\/\/top-kosmetika.ee\/et\/wp-json\/wp\/v2\/product"}],"about":[{"href":"https:\/\/top-kosmetika.ee\/et\/wp-json\/wp\/v2\/types\/product"}],"wp:featuredmedia":[{"embeddable":true,"href":"https:\/\/top-kosmetika.ee\/et\/wp-json\/wp\/v2\/media\/4255"}],"wp:attachment":[{"href":"https:\/\/top-kosmetika.ee\/et\/wp-json\/wp\/v2\/media?parent=4254"}],"wp:term":[{"taxonomy":"product_brand","embeddable":true,"href":"https:\/\/top-kosmetika.ee\/et\/wp-json\/wp\/v2\/product_brand?post=4254"},{"taxonomy":"product_cat","embeddable":true,"href":"https:\/\/top-kosmetika.ee\/et\/wp-json\/wp\/v2\/product_cat?post=4254"},{"taxonomy":"product_tag","embeddable":true,"href":"https:\/\/top-kosmetika.ee\/et\/wp-json\/wp\/v2\/product_tag?post=4254"}],"curies":[{"name":"wp","href":"https:\/\/api.w.org\/{rel}","templated":true}]}}