{"id":4247,"date":"2020-11-03T15:16:18","date_gmt":"2020-11-03T12:16:18","guid":{"rendered":"https:\/\/top-kosmetika.ee\/?post_type=product&#038;p=4247"},"modified":"2024-06-30T13:08:08","modified_gmt":"2024-06-30T10:08:08","slug":"ronney-hialuronic-complex-maska","status":"publish","type":"product","link":"https:\/\/top-kosmetika.ee\/et\/product\/ronney-hialuronic-complex-maska\/","title":{"rendered":"Ronney, Hialuronic Complex, Juuksemask"},"content":{"rendered":"<p><strong>Niisutav juuksemask.<\/strong><\/p>\n<p><strong>1 liiter<\/strong><\/p>\n<p>* Kuidas kasutada: kandke mask m\u00e4rgadele juustele, mis on eelnevalt pestud sarja \u0161ampooniga, hoidke 5 minutit (suurema efekti saavutamiseks v\u00f5ite juukseid kammida). Loputage hoolikalt sooja veega.<\/p>\n<p>* Koostis: vesi<span lang=\"et\">, tsetear\u00fc\u00fclalkohol, tsetrooniumkloriid, naatriumh\u00fcaluronaat, et\u00fc\u00fclheks\u00fc\u00fclpalmitaat, sidrunhape, parfum, DMDM \u200b\u200bh\u00fcdantoiin, gl\u00fctser\u00fc\u00fclstearaat, ts\u00fcklopentasiloksaan, dimetikoon<\/span><\/p>","protected":false},"excerpt":{"rendered":"<pre id=\"tw-target-text\" class=\"tw-data-text tw-text-large XcVN5d tw-ta\" dir=\"ltr\" data-placeholder=\"\u041f\u0435\u0440\u0435\u0432\u043e\u0434\"><span lang=\"et\">H\u00fcaluroonikompleksiga mask kuivade ja kahjustatud juuste hooldamiseks. \r\nH\u00fcaluroonhappe v\u00f5lu seisneb selles, et selle molekulid suudavad s\u00e4ilitada veekoguse, \r\nmis on mitu korda suurem kui nende oma, t\u00e4nu sellele hoiab mask tervete juuste jaoks \r\nvajaliku niiskustaseme. Maski tekstuur ei koorma juukseid, see toidab juurt ja pehmendab \r\njuukseid, muutes selle kammimise lihtsamaks.\r\n<\/span><\/pre>\n","protected":false},"featured_media":4248,"template":"","meta":[],"product_brand":[],"product_cat":[96,95,85],"product_tag":[109,104,108],"class_list":{"0":"post-4247","1":"product","2":"type-product","3":"status-publish","4":"has-post-thumbnail","6":"product_cat-domashnyaya","7":"product_cat-professionalnaya","8":"product_cat-dlya-volos","9":"product_tag-juuksemask","10":"product_tag-ronney","11":"product_tag-maska","13":"first","14":"instock","15":"shipping-taxable","16":"purchasable","17":"product-type-simple"},"_links":{"self":[{"href":"https:\/\/top-kosmetika.ee\/et\/wp-json\/wp\/v2\/product\/4247","targetHints":{"allow":["GET"]}}],"collection":[{"href":"https:\/\/top-kosmetika.ee\/et\/wp-json\/wp\/v2\/product"}],"about":[{"href":"https:\/\/top-kosmetika.ee\/et\/wp-json\/wp\/v2\/types\/product"}],"wp:featuredmedia":[{"embeddable":true,"href":"https:\/\/top-kosmetika.ee\/et\/wp-json\/wp\/v2\/media\/4248"}],"wp:attachment":[{"href":"https:\/\/top-kosmetika.ee\/et\/wp-json\/wp\/v2\/media?parent=4247"}],"wp:term":[{"taxonomy":"product_brand","embeddable":true,"href":"https:\/\/top-kosmetika.ee\/et\/wp-json\/wp\/v2\/product_brand?post=4247"},{"taxonomy":"product_cat","embeddable":true,"href":"https:\/\/top-kosmetika.ee\/et\/wp-json\/wp\/v2\/product_cat?post=4247"},{"taxonomy":"product_tag","embeddable":true,"href":"https:\/\/top-kosmetika.ee\/et\/wp-json\/wp\/v2\/product_tag?post=4247"}],"curies":[{"name":"wp","href":"https:\/\/api.w.org\/{rel}","templated":true}]}}