{"id":4243,"date":"2020-11-03T13:56:10","date_gmt":"2020-11-03T10:56:10","guid":{"rendered":"https:\/\/top-kosmetika.ee\/?post_type=product&#038;p=4243"},"modified":"2023-01-13T13:24:30","modified_gmt":"2023-01-13T10:24:30","slug":"ronney-hialuronic-complex-shampun","status":"publish","type":"product","link":"https:\/\/top-kosmetika.ee\/et\/product\/ronney-hialuronic-complex-shampun\/","title":{"rendered":"Ronney, Hialuronic Complex,  \u0161ampoon"},"content":{"rendered":"<p><strong>Niisutav \u0161ampoon h\u00fcaluroonhappega. <\/strong><\/p>\n<p><strong>1 liiter <\/strong><\/p>\n<p>* Kuidas kasutada: Kanna v\u00e4ike kogus \u0161ampooni m\u00e4rgadele juustele ja masseeri 1-2 minutit. Loputage sooja veega<\/p>\n<pre id=\"tw-target-text\" class=\"tw-data-text tw-text-large XcVN5d tw-ta\" dir=\"ltr\" data-placeholder=\"\u041f\u0435\u0440\u0435\u0432\u043e\u0434\"><span lang=\"et\">*<span style=\"font-family: arial, helvetica, sans-serif;\"> Koostis: vesi, naatriumlaureetsulfaat, naatriumkloriid, <\/span><span style=\"font-family: arial, helvetica, sans-serif;\">naatriumh\u00fcaluronaat, naatriumgl\u00fckosiid,\r\ntetranaatrium-EDTA, naatriumlaur\u00fc\u00fclgl\u00fckoosikarboks\u00fclaat, sidrunhape, kumariin, pol\u00fckvaternium 7, \r\nmet\u00fc\u00fclkloroisotiasolinoon,met\u00fc\u00fclisotiasolinoon<\/span><\/span><\/pre>\n<p><\/p>","protected":false},"excerpt":{"rendered":"<pre id=\"tw-target-text\" class=\"tw-data-text tw-text-large XcVN5d tw-ta\" dir=\"ltr\" data-placeholder=\"\u041f\u0435\u0440\u0435\u0432\u043e\u0434\"><span lang=\"et\">\u0160ampoon on m\u00f5eldud kuivade ja kahjustatud juuste hooldamiseks. \r\nH\u00fcaluroonhappe v\u00f5lu seisneb selles, et selle molekulid suudavad s\u00e4ilitada veekoguse, \r\nmis on mitu korda suurem kui nende oma, \r\nt\u00e4nu sellele viivitab \u0161ampoon tervete juuste jaoks vajaliku niiskustaseme. \r\nRegulaarne kasutamine aitab kaasa juuste taastamisele, \r\ntervisliku sileduse ja pehmuse omandamisele.<\/span><\/pre>\n","protected":false},"featured_media":4184,"template":"","meta":[],"product_brand":[],"product_cat":[96,95,85],"product_tag":[104,107,106],"class_list":{"0":"post-4243","1":"product","2":"type-product","3":"status-publish","4":"has-post-thumbnail","6":"product_cat-domashnyaya","7":"product_cat-professionalnaya","8":"product_cat-dlya-volos","9":"product_tag-ronney","10":"product_tag-sampoon","11":"product_tag-shampun","13":"first","14":"instock","15":"shipping-taxable","16":"purchasable","17":"product-type-simple"},"_links":{"self":[{"href":"https:\/\/top-kosmetika.ee\/et\/wp-json\/wp\/v2\/product\/4243","targetHints":{"allow":["GET"]}}],"collection":[{"href":"https:\/\/top-kosmetika.ee\/et\/wp-json\/wp\/v2\/product"}],"about":[{"href":"https:\/\/top-kosmetika.ee\/et\/wp-json\/wp\/v2\/types\/product"}],"wp:featuredmedia":[{"embeddable":true,"href":"https:\/\/top-kosmetika.ee\/et\/wp-json\/wp\/v2\/media\/4184"}],"wp:attachment":[{"href":"https:\/\/top-kosmetika.ee\/et\/wp-json\/wp\/v2\/media?parent=4243"}],"wp:term":[{"taxonomy":"product_brand","embeddable":true,"href":"https:\/\/top-kosmetika.ee\/et\/wp-json\/wp\/v2\/product_brand?post=4243"},{"taxonomy":"product_cat","embeddable":true,"href":"https:\/\/top-kosmetika.ee\/et\/wp-json\/wp\/v2\/product_cat?post=4243"},{"taxonomy":"product_tag","embeddable":true,"href":"https:\/\/top-kosmetika.ee\/et\/wp-json\/wp\/v2\/product_tag?post=4243"}],"curies":[{"name":"wp","href":"https:\/\/api.w.org\/{rel}","templated":true}]}}