{"id":4240,"date":"2020-11-03T13:00:44","date_gmt":"2020-11-03T10:00:44","guid":{"rendered":"https:\/\/top-kosmetika.ee\/?post_type=product&#038;p=4240"},"modified":"2023-01-13T13:25:31","modified_gmt":"2023-01-13T10:25:31","slug":"ronney-l-arginina-complex-maska","status":"publish","type":"product","link":"https:\/\/top-kosmetika.ee\/et\/product\/ronney-l-arginina-complex-maska\/","title":{"rendered":"Ronney, L-Arginina Complex,  Juuksemask"},"content":{"rendered":"<p><strong>Juuste v\u00e4ljalangemise vastane mask L-arginiiniga.<\/strong><\/p>\n<p><span style=\"font-family: arial, helvetica, sans-serif;\"><strong>1 liiter<\/strong><\/span><\/p>\n<pre class=\"tw-data-text tw-text-large XcVN5d tw-ta\" dir=\"ltr\" data-placeholder=\"\u041f\u0435\u0440\u0435\u0432\u043e\u0434\"><span lang=\"et\"><span style=\"font-family: arial, helvetica, sans-serif;\">* Kuidas kasutada: kandke mask m\u00e4rgadele juustele, mis on eelnevalt pestud sarja \u0161ampooniga, \r\nja j\u00e4ta 5 minutiks seisma. Loputage hoolikalt sooja veega.<\/span>\r\n\r\n*<span style=\"font-family: arial, helvetica, sans-serif;\"> Koostis: <\/span><\/span><span lang=\"et\" style=\"font-family: arial, helvetica, sans-serif;\">vesi, tsetear\u00fc\u00fclalkohol, tsetrooniumkloriid, arginiin, parfum, et\u00fc\u00fclheks\u00fc\u00fclpalmitaat, gl\u00fctser\u00fc\u00fclstearaat, \r\nDMDM \u200b\u200bh\u00fcdantoiin, ts\u00fcklopentasiloksaan, linalool, dimetikoon, sidrunhape<\/span><\/pre>\n<p><\/p>","protected":false},"excerpt":{"rendered":"<pre id=\"tw-target-text\" class=\"tw-data-text tw-text-large XcVN5d tw-ta\" dir=\"ltr\" data-placeholder=\"\u041f\u0435\u0440\u0435\u0432\u043e\u0434\"><span lang=\"et\">Juuste v\u00e4ljalangemise vastane mask L-arginiiniga. \r\nAnnab j\u00f5u n\u00f5rgenenud juustele. Toidab ja tugevdab juukseid juurtest. \r\nSee mask on m\u00f5eldud juustele, mis on altid juuste v\u00e4ljalangemisele. \r\nSee joon soodustab juuksekiudude rekonstrueerimist ja paksenemist, toites juuri, \r\ntugevdades juukseid juurtest otsteni. \r\nMaski korduval kasutamisel muutuvad juuksed kindlaks ja siledaks. \r\nMask lahendab habras ja sassis juuste probleemi, muutes selle kammimise lihtsamaks.\r\n\r\n* L-arginiin on B-vitamiinide omadustega aminohape, mis aitab valke \u00fcles ehitada.\r\n<\/span><\/pre>\n","protected":false},"featured_media":4241,"template":"","meta":[],"product_brand":[],"product_cat":[96,95,85],"product_tag":[109,104,108],"class_list":{"0":"post-4240","1":"product","2":"type-product","3":"status-publish","4":"has-post-thumbnail","6":"product_cat-domashnyaya","7":"product_cat-professionalnaya","8":"product_cat-dlya-volos","9":"product_tag-juuksemask","10":"product_tag-ronney","11":"product_tag-maska","13":"first","14":"outofstock","15":"shipping-taxable","16":"purchasable","17":"product-type-simple"},"_links":{"self":[{"href":"https:\/\/top-kosmetika.ee\/et\/wp-json\/wp\/v2\/product\/4240","targetHints":{"allow":["GET"]}}],"collection":[{"href":"https:\/\/top-kosmetika.ee\/et\/wp-json\/wp\/v2\/product"}],"about":[{"href":"https:\/\/top-kosmetika.ee\/et\/wp-json\/wp\/v2\/types\/product"}],"wp:featuredmedia":[{"embeddable":true,"href":"https:\/\/top-kosmetika.ee\/et\/wp-json\/wp\/v2\/media\/4241"}],"wp:attachment":[{"href":"https:\/\/top-kosmetika.ee\/et\/wp-json\/wp\/v2\/media?parent=4240"}],"wp:term":[{"taxonomy":"product_brand","embeddable":true,"href":"https:\/\/top-kosmetika.ee\/et\/wp-json\/wp\/v2\/product_brand?post=4240"},{"taxonomy":"product_cat","embeddable":true,"href":"https:\/\/top-kosmetika.ee\/et\/wp-json\/wp\/v2\/product_cat?post=4240"},{"taxonomy":"product_tag","embeddable":true,"href":"https:\/\/top-kosmetika.ee\/et\/wp-json\/wp\/v2\/product_tag?post=4240"}],"curies":[{"name":"wp","href":"https:\/\/api.w.org\/{rel}","templated":true}]}}