{"id":4238,"date":"2020-11-03T12:27:46","date_gmt":"2020-11-03T09:27:46","guid":{"rendered":"https:\/\/top-kosmetika.ee\/?post_type=product&#038;p=4238"},"modified":"2023-01-13T13:26:19","modified_gmt":"2023-01-13T10:26:19","slug":"ronney-l-arginina-complex-shampun","status":"publish","type":"product","link":"https:\/\/top-kosmetika.ee\/et\/product\/ronney-l-arginina-complex-shampun\/","title":{"rendered":"Ronney, L-Arginina Complex, \u0161ampoon"},"content":{"rendered":"<p><strong>\u0160ampoon juuste v\u00e4ljalangemise vastu L-arginiiniga<\/strong><\/p>\n<p><strong>1 liiter<\/strong><\/p>\n<p>* Kuidas kasutada: Kanna v\u00e4ike kogus \u0161ampooni niisketele juustele, masseeri pea 1-2 minutit ja loputa hoolikalt sooja veega.<\/p>\n<p>*Koostis: <span lang=\"et\">vesi, naatriumlaureetsulfaat, naatriumkloriid, naatriumkooko\u00fc\u00fclglutamaat, naatriumlaur\u00fc\u00fclgl\u00fckoosikarboks\u00fclaat, arginiin, kookamiiddea, kokamidoprop\u00fc\u00fclbutaiin, parfum, gl\u00fctseriin, naatriumkookoamfoatsetaat, laur\u00fc\u00fclgl\u00fckosiid, tetranaatrium-EDTA, sidrunhape, pol\u00fckvaternium 7, met\u00fc\u00fclkloorol\u00fcn.<\/span><\/p>","protected":false},"excerpt":{"rendered":"<p>L-arginiiniga \u0161ampoon on m\u00f5eldud spetsiaalset ravi vajavate juuste, n\u00e4iteks n\u00f5rkade, kahjustatud ja v\u00e4lja langevate juuste hooldamiseks. See on ideaalne lahendus juuste ja nende juure seestpoolt tugevdamiseks, juuksestruktuuri t\u00e4iteaine, samuti kaitse v\u00e4liste tegurite eest.<\/p>\n<p>* L-arginiin on B-vitamiinide omadustega aminohape, mis aitab valke \u00fcles ehitada.<\/p>\n","protected":false},"featured_media":4239,"template":"","meta":[],"product_brand":[],"product_cat":[96,95,85],"product_tag":[104,107,106],"class_list":{"0":"post-4238","1":"product","2":"type-product","3":"status-publish","4":"has-post-thumbnail","6":"product_cat-domashnyaya","7":"product_cat-professionalnaya","8":"product_cat-dlya-volos","9":"product_tag-ronney","10":"product_tag-sampoon","11":"product_tag-shampun","13":"first","14":"outofstock","15":"shipping-taxable","16":"purchasable","17":"product-type-simple"},"_links":{"self":[{"href":"https:\/\/top-kosmetika.ee\/et\/wp-json\/wp\/v2\/product\/4238","targetHints":{"allow":["GET"]}}],"collection":[{"href":"https:\/\/top-kosmetika.ee\/et\/wp-json\/wp\/v2\/product"}],"about":[{"href":"https:\/\/top-kosmetika.ee\/et\/wp-json\/wp\/v2\/types\/product"}],"wp:featuredmedia":[{"embeddable":true,"href":"https:\/\/top-kosmetika.ee\/et\/wp-json\/wp\/v2\/media\/4239"}],"wp:attachment":[{"href":"https:\/\/top-kosmetika.ee\/et\/wp-json\/wp\/v2\/media?parent=4238"}],"wp:term":[{"taxonomy":"product_brand","embeddable":true,"href":"https:\/\/top-kosmetika.ee\/et\/wp-json\/wp\/v2\/product_brand?post=4238"},{"taxonomy":"product_cat","embeddable":true,"href":"https:\/\/top-kosmetika.ee\/et\/wp-json\/wp\/v2\/product_cat?post=4238"},{"taxonomy":"product_tag","embeddable":true,"href":"https:\/\/top-kosmetika.ee\/et\/wp-json\/wp\/v2\/product_tag?post=4238"}],"curies":[{"name":"wp","href":"https:\/\/api.w.org\/{rel}","templated":true}]}}