{"id":4144,"date":"2020-04-20T10:54:56","date_gmt":"2020-04-20T07:54:56","guid":{"rendered":"https:\/\/top-kosmetika.ee\/?post_type=product&#038;p=4144"},"modified":"2024-06-30T13:09:01","modified_gmt":"2024-06-30T10:09:01","slug":"elgon-luminoil","status":"publish","type":"product","link":"https:\/\/top-kosmetika.ee\/et\/product\/elgon-luminoil\/","title":{"rendered":"Elgon Luminoil"},"content":{"rendered":"<p>LUMINOIL on vahutav palsam tugevalt kahjustatud juuste intensiivseks raviks ja taastamiseks p\u00e4rast nende kergendamist, v\u00e4rvimist, p\u00fcsiv ning sobib ideaalselt ka kuivadele ja rabedatele juustele. Kompositsioonis sisalduvad silikoonens\u00fc\u00fcmid lamineerivad juukseid, luues negatiivsete ja positiivsete osakeste abil kaitsekile. Konditsioneer tungib s\u00fcgavalt ja \u00fchtlaselt juustesse, niisutades ja taastades seda seest ja v\u00e4ljast, j\u00e4tmata juustele rasvaseid j\u00e4\u00e4ke. M\u00f5ju on m\u00e4rgatav juba p\u00e4rast esimest pealekandmist: juukseid on lihtne kammida, muutuda siidiseks, siledaks, ilma et oleks peas p\u00fcssi. Iga kord, kui pesta juukseid LUMINOILiga, suureneb maht kuni 20%, see on selline kumulatiivne m\u00f5ju. Toode on heleroosa varjundiga vaht, seda rakendatakse 3-4 minutiks niisketele juustele ja seej\u00e4rel pestakse maha \u2013 minimaalselt aega, ja efekt on h\u00e4mmastav. Need on imed!<br \/>\nP.S. Kui l\u00e4hete j\u00f5ulup\u00fchadeks sooja kohta, siis on LUMINOIL teile kasulik, sest see kaitseb juukseid p\u00e4ikesevalguse ja meresoola eest.<\/p>","protected":false},"excerpt":{"rendered":"<p>LUMINOIL on vahutav palsam tugevalt kahjustatud juuste intensiivseks raviks ja taastamiseks p\u00e4rast nende kergendamist, v\u00e4rvimist, p\u00fcsiv ning sobib ideaalselt ka kuivadele ja rabedatele juustele.<\/p>\n","protected":false},"featured_media":4145,"template":"","meta":[],"product_brand":[],"product_cat":[96,95,84,85],"product_tag":[103,126],"class_list":{"0":"post-4144","1":"product","2":"type-product","3":"status-publish","4":"has-post-thumbnail","6":"product_cat-domashnyaya","7":"product_cat-professionalnaya","8":"product_cat-novinki","9":"product_cat-dlya-volos","10":"product_tag-elgon","11":"product_tag-luminoil","13":"first","14":"instock","15":"sale","16":"shipping-taxable","17":"purchasable","18":"product-type-simple"},"_links":{"self":[{"href":"https:\/\/top-kosmetika.ee\/et\/wp-json\/wp\/v2\/product\/4144","targetHints":{"allow":["GET"]}}],"collection":[{"href":"https:\/\/top-kosmetika.ee\/et\/wp-json\/wp\/v2\/product"}],"about":[{"href":"https:\/\/top-kosmetika.ee\/et\/wp-json\/wp\/v2\/types\/product"}],"wp:featuredmedia":[{"embeddable":true,"href":"https:\/\/top-kosmetika.ee\/et\/wp-json\/wp\/v2\/media\/4145"}],"wp:attachment":[{"href":"https:\/\/top-kosmetika.ee\/et\/wp-json\/wp\/v2\/media?parent=4144"}],"wp:term":[{"taxonomy":"product_brand","embeddable":true,"href":"https:\/\/top-kosmetika.ee\/et\/wp-json\/wp\/v2\/product_brand?post=4144"},{"taxonomy":"product_cat","embeddable":true,"href":"https:\/\/top-kosmetika.ee\/et\/wp-json\/wp\/v2\/product_cat?post=4144"},{"taxonomy":"product_tag","embeddable":true,"href":"https:\/\/top-kosmetika.ee\/et\/wp-json\/wp\/v2\/product_tag?post=4144"}],"curies":[{"name":"wp","href":"https:\/\/api.w.org\/{rel}","templated":true}]}}