{"id":3851,"date":"2019-05-03T23:55:46","date_gmt":"2019-05-03T20:55:46","guid":{"rendered":"https:\/\/top-kosmetika.ee\/?page_id=3851"},"modified":"2019-06-01T11:23:28","modified_gmt":"2019-06-01T08:23:28","slug":"vozvrat-tovara","status":"publish","type":"page","link":"https:\/\/top-kosmetika.ee\/et\/vozvrat-tovara\/","title":{"rendered":"Tagastage kaup"},"content":{"rendered":"<p><\/p>\n<p style=\"text-align: justify;\"><span style=\"font-size: 12pt;\">Tagastamispoliitika Ostjal on p\u00e4rast tellimuse k\u00e4ttesaamist \u00f5igus 14 p\u00e4eva jooksul e-poes s\u00f5lmitud lepingust taganeda, kuid kauba tagastamiseks peate Harita O\u00dc-ga \u00fchendust v\u00f5tma hiljemalt 14 p\u00e4eva jooksul p\u00e4rast kauba k\u00e4ttesaamist ja esitama tellimuse numbri ja nime Ostja. Ostja peab kauba tagastama j\u00e4rgmise 14 p\u00e4eva jooksul alates taotluse esitamise kuup\u00e4evast v\u00f5i esitama t\u00f5endi selle kohta, et m\u00e4\u00e4ratud aja jooksul \u00fcleandis ta kauba \u00fcleandmisettev\u00f5ttesse, niipea kui oleme kaupade k\u00e4tte saanud algses vormis, on teie raha (ilma tarnekuludeta). tagastatakse 30 p\u00e4eva jooksul. \u00dcksus tuleb saata tagasi samasse kasutamata seisundisse (sh sildid). Kauba tagastamise kulud kannab Ostja, v\u00e4lja arvatud juhul, kui viga tegi O\u00dc Harita. Kui kaupa on kasutatud, kahjustatud v\u00f5i kahjustatud, tagastatakse tagasisaatmis\u00f5igus.<\/span><\/p>\n<p><\/p>","protected":false},"excerpt":{"rendered":"<p>Tagastamispoliitika Ostjal on p\u00e4rast tellimuse k\u00e4ttesaamist \u00f5igus 14 p\u00e4eva jooksul e-poes s\u00f5lmitud lepingust taganeda, kuid kauba tagastamiseks peate Harita O\u00dc-ga \u00fchendust v\u00f5tma hiljemalt 14 p\u00e4eva jooksul p\u00e4rast kauba k\u00e4ttesaamist ja esitama tellimuse numbri ja nime Ostja. Ostja peab kauba tagastama j\u00e4rgmise 14 p\u00e4eva jooksul alates taotluse esitamise kuup\u00e4evast v\u00f5i esitama t\u00f5endi selle kohta, et m\u00e4\u00e4ratud [&hellip;]<\/p>\n","protected":false},"author":1,"featured_media":0,"parent":0,"menu_order":0,"comment_status":"closed","ping_status":"closed","template":"","meta":{"footnotes":""},"class_list":["post-3851","page","type-page","status-publish","hentry"],"_links":{"self":[{"href":"https:\/\/top-kosmetika.ee\/et\/wp-json\/wp\/v2\/pages\/3851","targetHints":{"allow":["GET"]}}],"collection":[{"href":"https:\/\/top-kosmetika.ee\/et\/wp-json\/wp\/v2\/pages"}],"about":[{"href":"https:\/\/top-kosmetika.ee\/et\/wp-json\/wp\/v2\/types\/page"}],"author":[{"embeddable":true,"href":"https:\/\/top-kosmetika.ee\/et\/wp-json\/wp\/v2\/users\/1"}],"replies":[{"embeddable":true,"href":"https:\/\/top-kosmetika.ee\/et\/wp-json\/wp\/v2\/comments?post=3851"}],"version-history":[{"count":6,"href":"https:\/\/top-kosmetika.ee\/et\/wp-json\/wp\/v2\/pages\/3851\/revisions"}],"predecessor-version":[{"id":4104,"href":"https:\/\/top-kosmetika.ee\/et\/wp-json\/wp\/v2\/pages\/3851\/revisions\/4104"}],"wp:attachment":[{"href":"https:\/\/top-kosmetika.ee\/et\/wp-json\/wp\/v2\/media?parent=3851"}],"curies":[{"name":"wp","href":"https:\/\/api.w.org\/{rel}","templated":true}]}}