{"id":3,"date":"2019-03-16T20:28:50","date_gmt":"2019-03-16T17:28:50","guid":{"rendered":"http:\/\/top-kosmetika.ee\/?page_id=3"},"modified":"2020-01-12T19:43:24","modified_gmt":"2020-01-12T16:43:24","slug":"privacy-policy","status":"publish","type":"page","link":"https:\/\/top-kosmetika.ee\/et\/privacy-policy\/","title":{"rendered":"PRIVAATSUSPOLIITIKA"},"content":{"rendered":"<h4 class=\"wp-block-heading\" style=\"text-align: justify;\">PRIVAATSUSPOLIITIKA<\/h4>\r\n<p style=\"text-align: justify;\"><strong>Isikuandmete kasutamine<\/strong><\/p>\r\n<p style=\"text-align: justify;\">Tarbija, sisestades e-poes andmeid, annab asjakohase kinnituse \u00f5iguse koguda ja t\u00f6\u00f6delda oma isikuandmeid (nimi ja perekonnanimi, kontakttelefon, paki k\u00e4ttetoimetamise aadress ja \/ v\u00f5i kodune aadress, e-posti aadress) ning edastada isikuandmeid transpordiettev\u00f5ttele \u00fcleandmiseks.<\/p>\r\n<p style=\"text-align: justify;\">Veebipoel on \u00f5igus kasutada talle reklaami v\u00f5i muu teabe saatmiseks Ostja elu- v\u00f5i asukoha aadressi.<\/p>\r\n<p style=\"text-align: justify;\">Ostja v\u00f5ib igal ajal keelata oma isikuandmete kogumise ja kasutamise, v\u00e4lja arvatud juhul, kui see on vajalik lepingu v\u00f5i kauba tarnimise n\u00f5uete taastamiseks.<\/p>\r\n<p style=\"text-align: justify;\">Kodeeritud suhtlus pankadega Ostja poolt ostude eest tasumisel tagab tema isiklike panganduse atribuutide turvalisuse, veebipoel pole neile juurdep\u00e4\u00e4su.<\/p>\r\n<p style=\"text-align: justify;\">K\u00f5igi privaatsuspoliitika v\u00f5i andmet\u00f6\u00f6tlusega seotud k\u00fcsimuste v\u00f5i probleemide korral p\u00f6\u00f6rduge meie poole aadressil TopKosmeetika@gmail.com.<\/p>","protected":false},"excerpt":{"rendered":"<p>PRIVAATSUSPOLIITIKA Isikuandmete kasutamine Tarbija, sisestades e-poes andmeid, annab asjakohase kinnituse \u00f5iguse koguda ja t\u00f6\u00f6delda oma isikuandmeid (nimi ja perekonnanimi, kontakttelefon, paki k\u00e4ttetoimetamise aadress ja \/ v\u00f5i kodune aadress, e-posti aadress) ning edastada isikuandmeid transpordiettev\u00f5ttele \u00fcleandmiseks. Veebipoel on \u00f5igus kasutada talle reklaami v\u00f5i muu teabe saatmiseks Ostja elu- v\u00f5i asukoha aadressi. Ostja v\u00f5ib igal ajal keelata [&hellip;]<\/p>\n","protected":false},"author":1,"featured_media":0,"parent":0,"menu_order":0,"comment_status":"closed","ping_status":"open","template":"","meta":{"footnotes":""},"class_list":["post-3","page","type-page","status-publish","hentry"],"_links":{"self":[{"href":"https:\/\/top-kosmetika.ee\/et\/wp-json\/wp\/v2\/pages\/3","targetHints":{"allow":["GET"]}}],"collection":[{"href":"https:\/\/top-kosmetika.ee\/et\/wp-json\/wp\/v2\/pages"}],"about":[{"href":"https:\/\/top-kosmetika.ee\/et\/wp-json\/wp\/v2\/types\/page"}],"author":[{"embeddable":true,"href":"https:\/\/top-kosmetika.ee\/et\/wp-json\/wp\/v2\/users\/1"}],"replies":[{"embeddable":true,"href":"https:\/\/top-kosmetika.ee\/et\/wp-json\/wp\/v2\/comments?post=3"}],"version-history":[{"count":7,"href":"https:\/\/top-kosmetika.ee\/et\/wp-json\/wp\/v2\/pages\/3\/revisions"}],"predecessor-version":[{"id":4132,"href":"https:\/\/top-kosmetika.ee\/et\/wp-json\/wp\/v2\/pages\/3\/revisions\/4132"}],"wp:attachment":[{"href":"https:\/\/top-kosmetika.ee\/et\/wp-json\/wp\/v2\/media?parent=3"}],"curies":[{"name":"wp","href":"https:\/\/api.w.org\/{rel}","templated":true}]}}